{"id":288024,"date":"2026-03-26T09:02:51","date_gmt":"2026-03-26T08:02:51","guid":{"rendered":"https:\/\/megacase.com\/?post_type=product&#038;p=288024"},"modified":"2026-03-26T13:52:47","modified_gmt":"2026-03-26T12:52:47","slug":"bloc-dalimentation-universel-avec-tiroirs","status":"publish","type":"product","link":"https:\/\/megacase.com\/fr\/produit\/bloc-dalimentation-universel-avec-tiroirs\/","title":{"rendered":"Bloc d&rsquo;alimentation universel avec tiroirs"},"content":{"rendered":"<p>Bo\u00eetier d&rsquo;angle professionnel &#8211; Bloc d&rsquo;alimentation universel<br \/>\nAvec compartiment de rangement pour \u00e9quipements, dimensions approximatives : 740 x 710 x 540 mm (L x P x H).<\/p>\n<p>Un passe-c\u00e2bles est int\u00e9gr\u00e9 au compartiment de rangement et une sortie de c\u00e2ble se trouve dans la base.<br \/>\nSous le compartiment de rangement se trouvent six tiroirs, r\u00e9partis sur trois niveaux \u00e0 raison de deux tiroirs par niveau.<br \/>\nHauteurs int\u00e9rieures des tiroirs (du bas vers le haut) : 228 mm, 228 mm et 174 mm.<br \/>\nTous les tiroirs sont modulables en largeur gr\u00e2ce \u00e0 des s\u00e9parateurs.<\/p>\n<p>Panneaux multicouches de 9 mm, laqu\u00e9s.<br \/>\n&#8211; Coloris au choix parmi notre nuancier.<br \/>\nProfil\u00e9 aluminium 30 x 30 mm<br \/>\n8 poign\u00e9es papillon moyennes<br \/>\n10 poign\u00e9es pliantes moyennes<br \/>\n4 poign\u00e9es lat\u00e9rales<br \/>\n8 coins \u00e0 billes en acier<br \/>\n4 roulettes pivotantes de 100 mm, dont 2 avec frein<br \/>\nRembourrage en mousse<\/p>\n<p>Fabriqu\u00e9 en Allemagne<br \/>\nDimensions ext\u00e9rieures (L x P x H) : 780 x 780 x 1614 mm<br \/>\nPoids : 133,4 kg<\/p>\n","protected":false},"excerpt":{"rendered":"<p>Bo\u00eetier d&rsquo;angle professionnel &#8211; Bloc d&rsquo;alimentation universel Avec compartiment de rangement pour \u00e9quipements, dimensions approximatives : 740 x 710 x<\/p>\n","protected":false},"featured_media":288005,"template":"","meta":{"_acf_changed":false},"product_brand":[],"product_cat":[13755,13818,13745],"product_tag":[],"class_list":{"0":"post-288024","1":"product","2":"type-product","3":"status-publish","4":"has-post-thumbnail","6":"product_cat-universal-flightcases-fr","7":"product_cat-case-zubehoer-fr","8":"product_cat-catering-und-event-cases-fr","10":"first","11":"instock","12":"taxable","13":"shipping-taxable","14":"purchasable","15":"product-type-simple"},"acf":[],"_links":{"self":[{"href":"https:\/\/megacase.com\/fr\/wp-json\/wp\/v2\/product\/288024","targetHints":{"allow":["GET"]}}],"collection":[{"href":"https:\/\/megacase.com\/fr\/wp-json\/wp\/v2\/product"}],"about":[{"href":"https:\/\/megacase.com\/fr\/wp-json\/wp\/v2\/types\/product"}],"wp:featuredmedia":[{"embeddable":true,"href":"https:\/\/megacase.com\/fr\/wp-json\/wp\/v2\/media\/288005"}],"wp:attachment":[{"href":"https:\/\/megacase.com\/fr\/wp-json\/wp\/v2\/media?parent=288024"}],"wp:term":[{"taxonomy":"product_brand","embeddable":true,"href":"https:\/\/megacase.com\/fr\/wp-json\/wp\/v2\/product_brand?post=288024"},{"taxonomy":"product_cat","embeddable":true,"href":"https:\/\/megacase.com\/fr\/wp-json\/wp\/v2\/product_cat?post=288024"},{"taxonomy":"product_tag","embeddable":true,"href":"https:\/\/megacase.com\/fr\/wp-json\/wp\/v2\/product_tag?post=288024"}],"curies":[{"name":"wp","href":"https:\/\/api.w.org\/{rel}","templated":true}]}}