{"id":287797,"date":"2026-03-26T09:02:52","date_gmt":"2026-03-26T08:02:52","guid":{"rendered":"https:\/\/megacase.com\/?post_type=product&#038;p=287797"},"modified":"2026-03-26T13:52:47","modified_gmt":"2026-03-26T12:52:47","slug":"boitier-incline-pour-grandma3-on-pc-command-wing-2-ecrans-15-ou-27","status":"publish","type":"product","link":"https:\/\/megacase.com\/fr\/produit\/boitier-incline-pour-grandma3-on-pc-command-wing-2-ecrans-15-ou-27\/","title":{"rendered":"Bo\u00eetier inclin\u00e9 pour GrandMA3 on PC Command Wing + 2 \u00e9crans 15&Prime; ou 27&Prime;"},"content":{"rendered":"<p>Bo\u00eetier inclin\u00e9 avec plateau roulant amovible pour GrandMA3 on PC Command Wing<br \/>\nPont pour un \u00e9cran 27&Prime; ou, en option :<br \/>\ndeux \u00e9crans 15&Prime; (dimensions maximales : 340 x 270 x 50 mm).<br \/>\n&#8211; Compartiment ferm\u00e9 \u00e0 gauche du MA<br \/>\n&#8211; Plateau pour clavier sous le panneau de commande<br \/>\n&#8211; Compartiment pour n\u0153ud 2 ports \u00e0 c\u00f4t\u00e9 du plateau<br \/>\n&#8211; 1 connecteur de type D \u00e0 l&rsquo;avant<br \/>\n&#8211; 12 connecteurs de type D \u00e0 l&rsquo;arri\u00e8re<\/p>\n<p>Multiplex noir 6,8 mm (RAL 9004)<br \/>\nProfil\u00e9 aluminium 30\/30 mm<br \/>\n4 \u00e9querres moyennes<br \/>\n8 fermetures papillon moyennes<br \/>\n10 poign\u00e9es pliantes moyennes<br \/>\n8 coins \u00e0 billes en acier moyens<br \/>\n4 roulettes pivotantes, dont 2 avec frein<br \/>\n4 verrous de s\u00e9curit\u00e9<br \/>\n1 chariot amovible<br \/>\n4 pieds en caoutchouc<br \/>\nBandes antid\u00e9rapantes<br \/>\nRembourrage en mousse<\/p>\n<p>Fabriqu\u00e9 en Allemagne<br \/>\nDimensions ext\u00e9rieures (L x P x H) : 915 x 830 x 375 mm<br \/>\nPoids : 34,3 kg<\/p>\n","protected":false},"excerpt":{"rendered":"<p>Bo\u00eetier inclin\u00e9 avec plateau roulant amovible pour GrandMA3 on PC Command Wing Pont pour un \u00e9cran 27&Prime; ou, en option<\/p>\n","protected":false},"featured_media":287742,"template":"","meta":{"_acf_changed":false},"product_brand":[],"product_cat":[13828,16329,16426],"product_tag":[],"class_list":{"0":"post-287797","1":"product","2":"type-product","3":"status-publish","4":"has-post-thumbnail","6":"product_cat-mischpult-cases-fr","7":"product_cat-cases-fuer-lichtequipment-fr","8":"product_cat-ma-lighting-fr","10":"first","11":"instock","12":"taxable","13":"shipping-taxable","14":"purchasable","15":"product-type-simple"},"acf":[],"_links":{"self":[{"href":"https:\/\/megacase.com\/fr\/wp-json\/wp\/v2\/product\/287797","targetHints":{"allow":["GET"]}}],"collection":[{"href":"https:\/\/megacase.com\/fr\/wp-json\/wp\/v2\/product"}],"about":[{"href":"https:\/\/megacase.com\/fr\/wp-json\/wp\/v2\/types\/product"}],"wp:featuredmedia":[{"embeddable":true,"href":"https:\/\/megacase.com\/fr\/wp-json\/wp\/v2\/media\/287742"}],"wp:attachment":[{"href":"https:\/\/megacase.com\/fr\/wp-json\/wp\/v2\/media?parent=287797"}],"wp:term":[{"taxonomy":"product_brand","embeddable":true,"href":"https:\/\/megacase.com\/fr\/wp-json\/wp\/v2\/product_brand?post=287797"},{"taxonomy":"product_cat","embeddable":true,"href":"https:\/\/megacase.com\/fr\/wp-json\/wp\/v2\/product_cat?post=287797"},{"taxonomy":"product_tag","embeddable":true,"href":"https:\/\/megacase.com\/fr\/wp-json\/wp\/v2\/product_tag?post=287797"}],"curies":[{"name":"wp","href":"https:\/\/api.w.org\/{rel}","templated":true}]}}