{"id":287733,"date":"2026-03-26T09:02:52","date_gmt":"2026-03-26T08:02:52","guid":{"rendered":"https:\/\/megacase.com\/?post_type=product&#038;p=287733"},"modified":"2026-03-26T13:52:46","modified_gmt":"2026-03-26T12:52:46","slug":"etui-pour-kemper-profiler-remote-2-pedales-mission-engineering-ep-1","status":"publish","type":"product","link":"https:\/\/megacase.com\/fr\/produit\/etui-pour-kemper-profiler-remote-2-pedales-mission-engineering-ep-1\/","title":{"rendered":"\u00c9tui pour Kemper Profiler Remote + 2 p\u00e9dales Mission Engineering EP-1"},"content":{"rendered":"<p>\u00c9tui pour p\u00e9dales d&rsquo;effets au sol Kemper Profiler Remote + 2 p\u00e9dales Mission Engineering EP-1<br \/>\nRangement lat\u00e9ral (gauche et droite).<br \/>\nUn passage de c\u00e2ble de 9 cm est situ\u00e9 \u00e0 l&rsquo;arri\u00e8re.<\/p>\n<p>Contreplaqu\u00e9 ph\u00e9nolique brun 6,8 mm<br \/>\nProfil\u00e9 aluminium 22 x 22 mm<br \/>\n4 \u00e9querres moyennes en L<br \/>\n2 mini poign\u00e9es papillon<br \/>\n1 poign\u00e9e en cuir<br \/>\n4 petites \u00e9querres sph\u00e9riques<br \/>\n4 petites \u00e9querres sph\u00e9riques en L<br \/>\n4 pieds en caoutchouc<br \/>\nRembourrage en mousse<\/p>\n<p>Fabriqu\u00e9 en Allemagne<br \/>\nDimensions ext\u00e9rieures (L x P x H) : 770 x 360 x 155 mm<br \/>\nPoids : 5,5 kg<\/p>\n","protected":false},"excerpt":{"rendered":"<p>\u00c9tui pour p\u00e9dales d&rsquo;effets au sol Kemper Profiler Remote + 2 p\u00e9dales Mission Engineering EP-1 Rangement lat\u00e9ral (gauche et droite).<\/p>\n","protected":false},"featured_media":287674,"template":"","meta":{"_acf_changed":false},"product_brand":[],"product_cat":[16365,13861],"product_tag":[],"class_list":{"0":"post-287733","1":"product","2":"type-product","3":"status-publish","4":"has-post-thumbnail","6":"product_cat-pedalcase-fr","7":"product_cat-haubencase-fr","9":"first","10":"instock","11":"taxable","12":"shipping-taxable","13":"purchasable","14":"product-type-simple"},"acf":[],"_links":{"self":[{"href":"https:\/\/megacase.com\/fr\/wp-json\/wp\/v2\/product\/287733","targetHints":{"allow":["GET"]}}],"collection":[{"href":"https:\/\/megacase.com\/fr\/wp-json\/wp\/v2\/product"}],"about":[{"href":"https:\/\/megacase.com\/fr\/wp-json\/wp\/v2\/types\/product"}],"wp:featuredmedia":[{"embeddable":true,"href":"https:\/\/megacase.com\/fr\/wp-json\/wp\/v2\/media\/287674"}],"wp:attachment":[{"href":"https:\/\/megacase.com\/fr\/wp-json\/wp\/v2\/media?parent=287733"}],"wp:term":[{"taxonomy":"product_brand","embeddable":true,"href":"https:\/\/megacase.com\/fr\/wp-json\/wp\/v2\/product_brand?post=287733"},{"taxonomy":"product_cat","embeddable":true,"href":"https:\/\/megacase.com\/fr\/wp-json\/wp\/v2\/product_cat?post=287733"},{"taxonomy":"product_tag","embeddable":true,"href":"https:\/\/megacase.com\/fr\/wp-json\/wp\/v2\/product_tag?post=287733"}],"curies":[{"name":"wp","href":"https:\/\/api.w.org\/{rel}","templated":true}]}}