{"id":287666,"date":"2025-11-03T11:21:59","date_gmt":"2025-11-03T10:21:59","guid":{"rendered":"https:\/\/megacase.com\/product\/vitrine-a-6-compartiments-avec-etagere\/"},"modified":"2026-03-26T13:42:00","modified_gmt":"2026-03-26T12:42:00","slug":"vitrine-a-6-compartiments-avec-etagere","status":"publish","type":"product","link":"https:\/\/megacase.com\/fr\/produit\/vitrine-a-6-compartiments-avec-etagere\/","title":{"rendered":"Vitrine \u00e0 6 compartiments avec \u00e9tag\u00e8re"},"content":{"rendered":"<p>Valise professionnelle sur roulettes pivotantes de 100 mm<br \/>\nAvec 6 compartiments pour bo\u00eetes Euro E2 et une \u00e9tag\u00e8re.<br \/>\n2 compartiments de 3 unit\u00e9s adapt\u00e9s aux bo\u00eetes Euro 600 x 400 x 200 mm (ZUB3186).<br \/>\n* (Bo\u00eetes non incluses, \u00e0 commander s\u00e9par\u00e9ment !)<br \/>\nUne \u00e9tag\u00e8re se trouve au-dessus des compartiments et une sortie de c\u00e2ble est situ\u00e9e \u00e0 Uroite.<br \/>\nLe couvercle s&rsquo;ouvre \u00e0 180\u00b0 sur le devant.<br \/>\nLe couvercle est s\u00e9curis\u00e9 lat\u00e9ralement par des fermetures \u00e0 loquet.<\/p>\n<p>Verre multicouche de 9 mm, laqu\u00e9.<br \/>\n&#8211; Coloris au choix parmi notre nuancier.<br \/>\nProfil\u00e9 aluminium 30 x 30 mm<br \/>\n4 \u00e9querres d&rsquo;angle<br \/>\n4 charni\u00e8res papillon moyennes<br \/>\n2 charni\u00e8res en L<br \/>\n5 charni\u00e8res \u00e0 6 trous<br \/>\n7 poign\u00e9es pliantes moyennes<br \/>\n2 grands loquets avec verrous<br \/>\n1 passe-c\u00e2ble rond<br \/>\n2 connecteurs de table avec brides de fixation<br \/>\n5 pieds en caoutchouc<br \/>\n8 \u00e9querres d&rsquo;angle plates<br \/>\n4 roulettes pivotantes de 100 mm avec freins<\/p>\n<p>Rembourrage en mousse<\/p>\n<p>Fabriqu\u00e9 en Allemagne<br \/>\nDimensions ext\u00e9rieures (L x P x H) : 1900 x 480 x 1110 mm<br \/>\nPoids : 96 kg<\/p>\n","protected":false},"excerpt":{"rendered":"<p>Valise professionnelle sur roulettes pivotantes de 100 mm Avec 6 compartiments pour bo\u00eetes Euro E2 et une \u00e9tag\u00e8re. 2 compartiments<\/p>\n","protected":false},"featured_media":286435,"template":"","meta":{"_acf_changed":false},"product_brand":[],"product_cat":[13745,13755,13818],"product_tag":[],"class_list":{"0":"post-287666","1":"product","2":"type-product","3":"status-publish","4":"has-post-thumbnail","6":"product_cat-catering-und-event-cases-fr","7":"product_cat-universal-flightcases-fr","8":"product_cat-case-zubehoer-fr","10":"first","11":"instock","12":"taxable","13":"shipping-taxable","14":"purchasable","15":"product-type-simple"},"acf":[],"_links":{"self":[{"href":"https:\/\/megacase.com\/fr\/wp-json\/wp\/v2\/product\/287666","targetHints":{"allow":["GET"]}}],"collection":[{"href":"https:\/\/megacase.com\/fr\/wp-json\/wp\/v2\/product"}],"about":[{"href":"https:\/\/megacase.com\/fr\/wp-json\/wp\/v2\/types\/product"}],"wp:featuredmedia":[{"embeddable":true,"href":"https:\/\/megacase.com\/fr\/wp-json\/wp\/v2\/media\/286435"}],"wp:attachment":[{"href":"https:\/\/megacase.com\/fr\/wp-json\/wp\/v2\/media?parent=287666"}],"wp:term":[{"taxonomy":"product_brand","embeddable":true,"href":"https:\/\/megacase.com\/fr\/wp-json\/wp\/v2\/product_brand?post=287666"},{"taxonomy":"product_cat","embeddable":true,"href":"https:\/\/megacase.com\/fr\/wp-json\/wp\/v2\/product_cat?post=287666"},{"taxonomy":"product_tag","embeddable":true,"href":"https:\/\/megacase.com\/fr\/wp-json\/wp\/v2\/product_tag?post=287666"}],"curies":[{"name":"wp","href":"https:\/\/api.w.org\/{rel}","templated":true}]}}