{"id":287662,"date":"2025-11-03T11:43:13","date_gmt":"2025-11-03T10:43:13","guid":{"rendered":"https:\/\/megacase.com\/product\/vitrine-pour-teleprompteur-32-a-45\/"},"modified":"2026-03-26T13:41:59","modified_gmt":"2026-03-26T12:41:59","slug":"vitrine-pour-teleprompteur-32-a-45","status":"publish","type":"product","link":"https:\/\/megacase.com\/fr\/produit\/vitrine-pour-teleprompteur-32-a-45\/","title":{"rendered":"Vitrine pour t\u00e9l\u00e9prompteur 32&Prime; \u00e0 45\u00b0"},"content":{"rendered":"<p>Bo\u00eetier pour t\u00e9l\u00e9prompteur noir, compatible avec un \u00e9cran 32 pouces<br \/>\nDimensions maximales (L x H x P) : 718 x 423 x 44 mm<br \/>\nRails de montage inclin\u00e9s \u00e0 45\u00b0<br \/>\nPlaque de montage compatible VESA<br \/>\nHauteur de la trappe de service (25 cm) \u00e0 l&rsquo;arri\u00e8re<br \/>\nSupport de montage avec prise en D sur le c\u00f4t\u00e9<\/p>\n<p>Panneau en polypropyl\u00e8ne noir de 6,8 mm<br \/>\nProfil\u00e9 aluminium 30 x 30 mm<br \/>\n4 \u00e9querres moyennes<br \/>\n4 \u00e9querres petites<br \/>\n4 mini-fermoirs papillon<br \/>\n3 poign\u00e9es pliantes moyennes<br \/>\n8 coins \u00e0 rotule moyens<br \/>\n1 trappe de service<br \/>\n1 support de montage avec prise en D (112 x 102 mm, noir)<br \/>\n4 pieds en caoutchouc<\/p>\n<p>Fabriqu\u00e9 en Allemagne<br \/>\nDimensions ext\u00e9rieures (L x P x H) : 765 x 420 x 430 mm<br \/>\nPoids : 13,6 kg<\/p>\n","protected":false},"excerpt":{"rendered":"<p>Bo\u00eetier pour t\u00e9l\u00e9prompteur noir, compatible avec un \u00e9cran 32 pouces Dimensions maximales (L x H x P) : 718 x<\/p>\n","protected":false},"featured_media":286499,"template":"","meta":{"_acf_changed":false},"product_brand":[],"product_cat":[13690],"product_tag":[],"class_list":{"0":"post-287662","1":"product","2":"type-product","3":"status-publish","4":"has-post-thumbnail","6":"product_cat-display-monitor-fr","8":"first","9":"instock","10":"taxable","11":"shipping-taxable","12":"purchasable","13":"product-type-simple"},"acf":[],"_links":{"self":[{"href":"https:\/\/megacase.com\/fr\/wp-json\/wp\/v2\/product\/287662","targetHints":{"allow":["GET"]}}],"collection":[{"href":"https:\/\/megacase.com\/fr\/wp-json\/wp\/v2\/product"}],"about":[{"href":"https:\/\/megacase.com\/fr\/wp-json\/wp\/v2\/types\/product"}],"wp:featuredmedia":[{"embeddable":true,"href":"https:\/\/megacase.com\/fr\/wp-json\/wp\/v2\/media\/286499"}],"wp:attachment":[{"href":"https:\/\/megacase.com\/fr\/wp-json\/wp\/v2\/media?parent=287662"}],"wp:term":[{"taxonomy":"product_brand","embeddable":true,"href":"https:\/\/megacase.com\/fr\/wp-json\/wp\/v2\/product_brand?post=287662"},{"taxonomy":"product_cat","embeddable":true,"href":"https:\/\/megacase.com\/fr\/wp-json\/wp\/v2\/product_cat?post=287662"},{"taxonomy":"product_tag","embeddable":true,"href":"https:\/\/megacase.com\/fr\/wp-json\/wp\/v2\/product_tag?post=287662"}],"curies":[{"name":"wp","href":"https:\/\/api.w.org\/{rel}","templated":true}]}}