{"id":287658,"date":"2025-11-05T09:07:00","date_gmt":"2025-11-05T08:07:00","guid":{"rendered":"https:\/\/megacase.com\/product\/etui-pour-akai-professional-mpc-live-iii\/"},"modified":"2026-03-26T13:41:59","modified_gmt":"2026-03-26T12:41:59","slug":"etui-pour-akai-professional-mpc-live-iii","status":"publish","type":"product","link":"https:\/\/megacase.com\/fr\/produit\/etui-pour-akai-professional-mpc-live-iii\/","title":{"rendered":"\u00c9tui pour Akai Professional MPC Live III"},"content":{"rendered":"<p>\u00c9tui con\u00e7u pour la groovebox Akai Professional MPC Live III.<br \/>\nL&rsquo;\u00e9tui est dot\u00e9 d&rsquo;un passage de c\u00e2ble de 12 cm \u00e0 l&rsquo;arri\u00e8re.<br \/>\nL&rsquo;appareil peut \u00eatre utilis\u00e9 m\u00eame lorsqu&rsquo;il est dans l&rsquo;\u00e9tui.<\/p>\n<p>Panneau en polypropyl\u00e8ne noir de 6,5 mm<br \/>\nProfil\u00e9 en aluminium 22\/22 mm<br \/>\n4 \u00e9querres de renfort en L<br \/>\n2 mini-fermoirs papillon \u00e0 ressort<br \/>\n1 poign\u00e9e de transport<br \/>\n4 \u00e9querres \u00e0 rotule<br \/>\n4 \u00e9querres \u00e0 rotule en L<br \/>\n4 pieds en caoutchouc<br \/>\nRembourrage en mousse<\/p>\n<p>**Remarque : Les appareils pr\u00e9sent\u00e9s sont \u00e0 titre indicatif uniquement et ne sont pas inclus.<\/p>\n<p>Fabriqu\u00e9 en Allemagne<br \/>\nDimensions ext\u00e9rieures (L x P x H) : 492 x 428 x 132 mm<br \/>\nPoids : 4,6 kg<\/p>\n","protected":false},"excerpt":{"rendered":"<p>\u00c9tui con\u00e7u pour la groovebox Akai Professional MPC Live III. L&rsquo;\u00e9tui est dot\u00e9 d&rsquo;un passage de c\u00e2ble de 12 cm<\/p>\n","protected":false},"featured_media":286597,"template":"","meta":{"_acf_changed":false},"product_brand":[],"product_cat":[15043],"product_tag":[],"class_list":{"0":"post-287658","1":"product","2":"type-product","3":"status-publish","4":"has-post-thumbnail","6":"product_cat-uncategorized-de","8":"first","9":"instock","10":"taxable","11":"shipping-taxable","12":"purchasable","13":"product-type-simple"},"acf":[],"_links":{"self":[{"href":"https:\/\/megacase.com\/fr\/wp-json\/wp\/v2\/product\/287658","targetHints":{"allow":["GET"]}}],"collection":[{"href":"https:\/\/megacase.com\/fr\/wp-json\/wp\/v2\/product"}],"about":[{"href":"https:\/\/megacase.com\/fr\/wp-json\/wp\/v2\/types\/product"}],"wp:featuredmedia":[{"embeddable":true,"href":"https:\/\/megacase.com\/fr\/wp-json\/wp\/v2\/media\/286597"}],"wp:attachment":[{"href":"https:\/\/megacase.com\/fr\/wp-json\/wp\/v2\/media?parent=287658"}],"wp:term":[{"taxonomy":"product_brand","embeddable":true,"href":"https:\/\/megacase.com\/fr\/wp-json\/wp\/v2\/product_brand?post=287658"},{"taxonomy":"product_cat","embeddable":true,"href":"https:\/\/megacase.com\/fr\/wp-json\/wp\/v2\/product_cat?post=287658"},{"taxonomy":"product_tag","embeddable":true,"href":"https:\/\/megacase.com\/fr\/wp-json\/wp\/v2\/product_tag?post=287658"}],"curies":[{"name":"wp","href":"https:\/\/api.w.org\/{rel}","templated":true}]}}