{"id":287654,"date":"2025-11-05T09:36:02","date_gmt":"2025-11-05T08:36:02","guid":{"rendered":"https:\/\/megacase.com\/product\/coffret-daccessoires-avec-1-x-4-boites-euronorm-e2-fonction-table\/"},"modified":"2026-03-26T13:41:59","modified_gmt":"2026-03-26T12:41:59","slug":"coffret-daccessoires-avec-1-x-4-boites-euronorm-e2-fonction-table","status":"publish","type":"product","link":"https:\/\/megacase.com\/fr\/produit\/coffret-daccessoires-avec-1-x-4-boites-euronorm-e2-fonction-table\/","title":{"rendered":"Coffret d&rsquo;accessoires avec 1 x 4 bo\u00eetes Euronorm E2 + fonction table"},"content":{"rendered":"<p>Id\u00e9al pour organiser les c\u00e2bles et petits accessoires sur sc\u00e8ne et en fa\u00e7ade.<\/p>\n<p>Les quatre bo\u00eetes en plastique E2 peuvent \u00eatre compartiment\u00e9es \u00e0 l&rsquo;aide d&rsquo;un jeu de s\u00e9parateurs (voir accessoires 328318 ou 587001).<\/p>\n<p>Contreplaqu\u00e9 laqu\u00e9 de 9 mm<\/p>\n<p>&#8211; Couleur au choix parmi notre nuancier<\/p>\n<p>Profil\u00e9 aluminium 30 x 30 mm<\/p>\n<p>4 fermoirs papillon moyens<\/p>\n<p>2 poign\u00e9es pliantes moyennes<\/p>\n<p>8 \u00e9querres plates en acier<\/p>\n<p>2 pieds de table r\u00e9glables en hauteur<\/p>\n<p>2 connecteurs de table<br \/>\n4 supports de connecteurs de table<br \/>\n4 roulettes pivotantes \u00ab Blue Wheels \u00bb de 100 mm, capacit\u00e9 de charge jusqu&rsquo;\u00e0 450 kg (dont 4 avec frein)<\/p>\n<p>4 caissons \u00e0 tiroirs (L x P x H) : 56,5 x 36,5 x 19,5 cm<\/p>\n<p>Supports en aluminium<\/p>\n<p>Fabriqu\u00e9 en Allemagne<\/p>\n<p>Dimensions ext\u00e9rieures (L x P x H) : 645 x 5155 x 1033 mm<\/p>\n<p>Poids : 44,4 kg<\/p>\n","protected":false},"excerpt":{"rendered":"<p>Id\u00e9al pour organiser les c\u00e2bles et petits accessoires sur sc\u00e8ne et en fa\u00e7ade. Les quatre bo\u00eetes en plastique E2 peuvent<\/p>\n","protected":false},"featured_media":286757,"template":"","meta":{"_acf_changed":false},"product_brand":[],"product_cat":[13745,13755,13818],"product_tag":[],"class_list":{"0":"post-287654","1":"product","2":"type-product","3":"status-publish","4":"has-post-thumbnail","6":"product_cat-catering-und-event-cases-fr","7":"product_cat-universal-flightcases-fr","8":"product_cat-case-zubehoer-fr","10":"first","11":"instock","12":"taxable","13":"shipping-taxable","14":"purchasable","15":"product-type-simple"},"acf":[],"_links":{"self":[{"href":"https:\/\/megacase.com\/fr\/wp-json\/wp\/v2\/product\/287654","targetHints":{"allow":["GET"]}}],"collection":[{"href":"https:\/\/megacase.com\/fr\/wp-json\/wp\/v2\/product"}],"about":[{"href":"https:\/\/megacase.com\/fr\/wp-json\/wp\/v2\/types\/product"}],"wp:featuredmedia":[{"embeddable":true,"href":"https:\/\/megacase.com\/fr\/wp-json\/wp\/v2\/media\/286757"}],"wp:attachment":[{"href":"https:\/\/megacase.com\/fr\/wp-json\/wp\/v2\/media?parent=287654"}],"wp:term":[{"taxonomy":"product_brand","embeddable":true,"href":"https:\/\/megacase.com\/fr\/wp-json\/wp\/v2\/product_brand?post=287654"},{"taxonomy":"product_cat","embeddable":true,"href":"https:\/\/megacase.com\/fr\/wp-json\/wp\/v2\/product_cat?post=287654"},{"taxonomy":"product_tag","embeddable":true,"href":"https:\/\/megacase.com\/fr\/wp-json\/wp\/v2\/product_tag?post=287654"}],"curies":[{"name":"wp","href":"https:\/\/api.w.org\/{rel}","templated":true}]}}