{"id":287647,"date":"2025-11-11T09:34:49","date_gmt":"2025-11-11T08:34:49","guid":{"rendered":"https:\/\/megacase.com\/product\/flight-case-pour-console-digico-quantum-112\/"},"modified":"2026-03-26T13:41:58","modified_gmt":"2026-03-26T12:41:58","slug":"flight-case-pour-console-digico-quantum-112","status":"publish","type":"product","link":"https:\/\/megacase.com\/fr\/produit\/flight-case-pour-console-digico-quantum-112\/","title":{"rendered":"Flight case pour console DiGiCo Quantum 112"},"content":{"rendered":"<p>Flight case pour console de mixage num\u00e9rique DiGiCo Quantum 112<br \/>\nFabriqu\u00e9 en polyplacage noir avec gestion des c\u00e2bles int\u00e9gr\u00e9e.<br \/>\nL&rsquo;appareil se commande depuis sa base.<\/p>\n<p>Panneaux de particules noirs de 6,5 mm<br \/>\nProfil\u00e9 aluminium 30 x 30 mm<br \/>\n4 coins en L moyens<br \/>\n4 fermetures papillon moyennes<br \/>\n6 poign\u00e9es pliantes moyennes<br \/>\n8 coins \u00e0 billes en acier moyens<br \/>\n4 pieds en caoutchouc<br \/>\nRembourrage en mousse<\/p>\n<p>Fabriqu\u00e9 en Allemagne<br \/>\nDimensions ext\u00e9rieures (L x P x H) : 512 x 710 x 405 mm<br \/>\nPoids : 14,2 kg<\/p>\n","protected":false},"excerpt":{"rendered":"<p>Flight case pour console de mixage num\u00e9rique DiGiCo Quantum 112 Fabriqu\u00e9 en polyplacage noir avec gestion des c\u00e2bles int\u00e9gr\u00e9e. L&rsquo;appareil<\/p>\n","protected":false},"featured_media":286974,"template":"","meta":{"_acf_changed":false},"product_brand":[],"product_cat":[13828],"product_tag":[],"class_list":{"0":"post-287647","1":"product","2":"type-product","3":"status-publish","4":"has-post-thumbnail","6":"product_cat-mischpult-cases-fr","8":"first","9":"instock","10":"taxable","11":"shipping-taxable","12":"purchasable","13":"product-type-simple"},"acf":[],"_links":{"self":[{"href":"https:\/\/megacase.com\/fr\/wp-json\/wp\/v2\/product\/287647","targetHints":{"allow":["GET"]}}],"collection":[{"href":"https:\/\/megacase.com\/fr\/wp-json\/wp\/v2\/product"}],"about":[{"href":"https:\/\/megacase.com\/fr\/wp-json\/wp\/v2\/types\/product"}],"wp:featuredmedia":[{"embeddable":true,"href":"https:\/\/megacase.com\/fr\/wp-json\/wp\/v2\/media\/286974"}],"wp:attachment":[{"href":"https:\/\/megacase.com\/fr\/wp-json\/wp\/v2\/media?parent=287647"}],"wp:term":[{"taxonomy":"product_brand","embeddable":true,"href":"https:\/\/megacase.com\/fr\/wp-json\/wp\/v2\/product_brand?post=287647"},{"taxonomy":"product_cat","embeddable":true,"href":"https:\/\/megacase.com\/fr\/wp-json\/wp\/v2\/product_cat?post=287647"},{"taxonomy":"product_tag","embeddable":true,"href":"https:\/\/megacase.com\/fr\/wp-json\/wp\/v2\/product_tag?post=287647"}],"curies":[{"name":"wp","href":"https:\/\/api.w.org\/{rel}","templated":true}]}}