{"id":287641,"date":"2026-03-26T09:02:52","date_gmt":"2026-03-26T08:02:52","guid":{"rendered":"https:\/\/megacase.com\/?post_type=product&#038;p=287641"},"modified":"2026-03-26T13:52:46","modified_gmt":"2026-03-26T12:52:46","slug":"etui-clavier-type-3-pour-yamaha-modx-m8","status":"publish","type":"product","link":"https:\/\/megacase.com\/fr\/produit\/etui-clavier-type-3-pour-yamaha-modx-m8\/","title":{"rendered":"\u00c9tui clavier Type 3 pour Yamaha MODX M8"},"content":{"rendered":"<p>\u00c9tui clavier de qualit\u00e9 professionnelle, Type 3<br \/>\nParfaitement adapt\u00e9 au Yamaha MODX M8.<br \/>\nLe clavier reste utilisable m\u00eame \u00e0 l&rsquo;int\u00e9rieur de l&rsquo;\u00e9tui.<\/p>\n<p>Contreplaqu\u00e9 ph\u00e9nolique brun 6,8 mm<br \/>\nProfil\u00e9 aluminium 30 x 30 mm<br \/>\n4 coins en L moyens<br \/>\n4 fermetures papillon moyennes<br \/>\n2 poign\u00e9es rabattables moyennes<br \/>\n4 coins \u00e0 billes moyens<br \/>\n4 coins en L moyens<br \/>\nRembourrage en mousse<\/p>\n<p>Fabriqu\u00e9 en Allemagne<br \/>\nDimensions ext\u00e9rieures (L x P x H) : 1372 x 455 x 255 mm<br \/>\nPoids : 14,1 kg<\/p>\n","protected":false},"excerpt":{"rendered":"<p>\u00c9tui clavier de qualit\u00e9 professionnelle, Type 3 Parfaitement adapt\u00e9 au Yamaha MODX M8. Le clavier reste utilisable m\u00eame \u00e0 l&rsquo;int\u00e9rieur<\/p>\n","protected":false},"featured_media":287574,"template":"","meta":{"_acf_changed":false},"product_brand":[],"product_cat":[13787],"product_tag":[],"class_list":{"0":"post-287641","1":"product","2":"type-product","3":"status-publish","4":"has-post-thumbnail","6":"product_cat-keyboard-cases-fr","8":"first","9":"instock","10":"taxable","11":"shipping-taxable","12":"purchasable","13":"product-type-simple"},"acf":[],"_links":{"self":[{"href":"https:\/\/megacase.com\/fr\/wp-json\/wp\/v2\/product\/287641","targetHints":{"allow":["GET"]}}],"collection":[{"href":"https:\/\/megacase.com\/fr\/wp-json\/wp\/v2\/product"}],"about":[{"href":"https:\/\/megacase.com\/fr\/wp-json\/wp\/v2\/types\/product"}],"wp:featuredmedia":[{"embeddable":true,"href":"https:\/\/megacase.com\/fr\/wp-json\/wp\/v2\/media\/287574"}],"wp:attachment":[{"href":"https:\/\/megacase.com\/fr\/wp-json\/wp\/v2\/media?parent=287641"}],"wp:term":[{"taxonomy":"product_brand","embeddable":true,"href":"https:\/\/megacase.com\/fr\/wp-json\/wp\/v2\/product_brand?post=287641"},{"taxonomy":"product_cat","embeddable":true,"href":"https:\/\/megacase.com\/fr\/wp-json\/wp\/v2\/product_cat?post=287641"},{"taxonomy":"product_tag","embeddable":true,"href":"https:\/\/megacase.com\/fr\/wp-json\/wp\/v2\/product_tag?post=287641"}],"curies":[{"name":"wp","href":"https:\/\/api.w.org\/{rel}","templated":true}]}}