{"id":287569,"date":"2026-03-26T09:02:52","date_gmt":"2026-03-26T08:02:52","guid":{"rendered":"https:\/\/megacase.com\/?post_type=product&#038;p=287569"},"modified":"2026-03-26T13:52:45","modified_gmt":"2026-03-26T12:52:45","slug":"etui-clavier-special-76-pour-yamaha-modx-m7","status":"publish","type":"product","link":"https:\/\/megacase.com\/fr\/produit\/etui-clavier-special-76-pour-yamaha-modx-m7\/","title":{"rendered":"\u00c9tui clavier Special 76 pour Yamaha MODX M7"},"content":{"rendered":"<p>\u00c9tui clavier de qualit\u00e9 professionnelle, design Special 76<br \/>\npour Yamaha MODX M7.<\/p>\n<p>Contreplaqu\u00e9 ph\u00e9nolique brun 6,8 mm<br \/>\nProfil\u00e9 aluminium 30 x 30 mm<br \/>\n4 coins en L moyens<br \/>\n2 charni\u00e8res papillon moyennes<br \/>\n2 grandes charni\u00e8res de verrouillage<br \/>\n2 poign\u00e9es pliantes moyennes<br \/>\n1 poign\u00e9e en cuir<br \/>\n4 coins \u00e0 billes moyens<br \/>\n4 coins en L moyens<br \/>\nRembourrage en mousse<\/p>\n<p>Fabriqu\u00e9 en Allemagne<br \/>\nDimensions ext\u00e9rieures (L x P x H) : 1150 x 445 x 170 mm<br \/>\nPoids : 10 kg<\/p>\n","protected":false},"excerpt":{"rendered":"<p>\u00c9tui clavier de qualit\u00e9 professionnelle, design Special 76 pour Yamaha MODX M7. Contreplaqu\u00e9 ph\u00e9nolique brun 6,8 mm Profil\u00e9 aluminium 30<\/p>\n","protected":false},"featured_media":287498,"template":"","meta":{"_acf_changed":false},"product_brand":[],"product_cat":[13787],"product_tag":[],"class_list":{"0":"post-287569","1":"product","2":"type-product","3":"status-publish","4":"has-post-thumbnail","6":"product_cat-keyboard-cases-fr","8":"first","9":"instock","10":"taxable","11":"shipping-taxable","12":"purchasable","13":"product-type-simple"},"acf":[],"_links":{"self":[{"href":"https:\/\/megacase.com\/fr\/wp-json\/wp\/v2\/product\/287569","targetHints":{"allow":["GET"]}}],"collection":[{"href":"https:\/\/megacase.com\/fr\/wp-json\/wp\/v2\/product"}],"about":[{"href":"https:\/\/megacase.com\/fr\/wp-json\/wp\/v2\/types\/product"}],"wp:featuredmedia":[{"embeddable":true,"href":"https:\/\/megacase.com\/fr\/wp-json\/wp\/v2\/media\/287498"}],"wp:attachment":[{"href":"https:\/\/megacase.com\/fr\/wp-json\/wp\/v2\/media?parent=287569"}],"wp:term":[{"taxonomy":"product_brand","embeddable":true,"href":"https:\/\/megacase.com\/fr\/wp-json\/wp\/v2\/product_brand?post=287569"},{"taxonomy":"product_cat","embeddable":true,"href":"https:\/\/megacase.com\/fr\/wp-json\/wp\/v2\/product_cat?post=287569"},{"taxonomy":"product_tag","embeddable":true,"href":"https:\/\/megacase.com\/fr\/wp-json\/wp\/v2\/product_tag?post=287569"}],"curies":[{"name":"wp","href":"https:\/\/api.w.org\/{rel}","templated":true}]}}