{"id":287493,"date":"2025-11-26T09:36:42","date_gmt":"2025-11-26T08:36:42","guid":{"rendered":"https:\/\/megacase.com\/?post_type=product&#038;p=287493"},"modified":"2026-03-26T13:41:57","modified_gmt":"2026-03-26T12:41:57","slug":"etui-type-1-pour-clavier-yamaha-modx-m6","status":"publish","type":"product","link":"https:\/\/megacase.com\/fr\/produit\/etui-type-1-pour-clavier-yamaha-modx-m6\/","title":{"rendered":"\u00c9tui Type 1 pour clavier Yamaha MODX M6"},"content":{"rendered":"<p>\u00c9tui de qualit\u00e9 professionnelle Type 1, con\u00e7u sur mesure pour un clavier Yamaha MODX M6.<\/p>\n<p>Contreplaqu\u00e9 ph\u00e9nolique brun de 6,8 mm<br \/>\nProfil\u00e9 aluminium 25 x 25 mm<br \/>\n4 coins en L moyens<br \/>\n2 fermetures \u00e0 pression avec \u0153illets<br \/>\n2 grandes charni\u00e8res de verrouillage<br \/>\n1 poign\u00e9e en cuir<br \/>\n4 coins arrondis moyens<br \/>\n4 coins en L moyens<br \/>\nRembourrage en mousse<\/p>\n<p>Fabriqu\u00e9 en Allemagne<br \/>\nDimensions ext\u00e9rieures (L x P x H) : 945 x 445 x 170 mm<br \/>\nPoids : 7,7 kg<\/p>\n","protected":false},"excerpt":{"rendered":"<p>\u00c9tui de qualit\u00e9 professionnelle Type 1, con\u00e7u sur mesure pour un clavier Yamaha MODX M6. Contreplaqu\u00e9 ph\u00e9nolique brun de 6,8<\/p>\n","protected":false},"featured_media":287430,"template":"","meta":{"_acf_changed":false},"product_brand":[],"product_cat":[13787],"product_tag":[],"class_list":{"0":"post-287493","1":"product","2":"type-product","3":"status-publish","4":"has-post-thumbnail","6":"product_cat-keyboard-cases-fr","8":"first","9":"instock","10":"taxable","11":"shipping-taxable","12":"purchasable","13":"product-type-simple"},"acf":[],"_links":{"self":[{"href":"https:\/\/megacase.com\/fr\/wp-json\/wp\/v2\/product\/287493","targetHints":{"allow":["GET"]}}],"collection":[{"href":"https:\/\/megacase.com\/fr\/wp-json\/wp\/v2\/product"}],"about":[{"href":"https:\/\/megacase.com\/fr\/wp-json\/wp\/v2\/types\/product"}],"wp:featuredmedia":[{"embeddable":true,"href":"https:\/\/megacase.com\/fr\/wp-json\/wp\/v2\/media\/287430"}],"wp:attachment":[{"href":"https:\/\/megacase.com\/fr\/wp-json\/wp\/v2\/media?parent=287493"}],"wp:term":[{"taxonomy":"product_brand","embeddable":true,"href":"https:\/\/megacase.com\/fr\/wp-json\/wp\/v2\/product_brand?post=287493"},{"taxonomy":"product_cat","embeddable":true,"href":"https:\/\/megacase.com\/fr\/wp-json\/wp\/v2\/product_cat?post=287493"},{"taxonomy":"product_tag","embeddable":true,"href":"https:\/\/megacase.com\/fr\/wp-json\/wp\/v2\/product_tag?post=287493"}],"curies":[{"name":"wp","href":"https:\/\/api.w.org\/{rel}","templated":true}]}}