{"id":286272,"date":"2026-03-26T09:02:53","date_gmt":"2026-03-26T08:02:53","guid":{"rendered":"https:\/\/megacase.com\/?post_type=product&#038;p=286272"},"modified":"2026-03-26T13:52:45","modified_gmt":"2026-03-26T12:52:45","slug":"boite-a-accessoires-600-x-400-x-200-mm-norme-euro-e2","status":"publish","type":"product","link":"https:\/\/megacase.com\/fr\/produit\/boite-a-accessoires-600-x-400-x-200-mm-norme-euro-e2\/","title":{"rendered":"Bo\u00eete \u00e0 accessoires 600 x 400 x 200 mm, norme Euro E2"},"content":{"rendered":"<p>Bo\u00eete \u00e0 accessoires en plastique, norme Euro E2<br \/>\nCouleur : rouge<\/p>\n<p>** Remarque : les ensembles de cloisons ne sont pas inclus dans la livraison et sont disponibles en option (Art. 328318, 587001)<\/p>\n<p>Dimensions L x P x H : 600 x 400 x 200 <\/p>\n","protected":false},"excerpt":{"rendered":"<p>Bo\u00eete \u00e0 accessoires en plastique, norme Euro E2 Couleur : rouge ** Remarque : les ensembles de cloisons ne sont<\/p>\n","protected":false},"featured_media":286119,"template":"","meta":{"_acf_changed":false},"product_brand":[],"product_cat":[15043],"product_tag":[],"class_list":{"0":"post-286272","1":"product","2":"type-product","3":"status-publish","4":"has-post-thumbnail","6":"product_cat-uncategorized-de","8":"first","9":"instock","10":"taxable","11":"shipping-taxable","12":"purchasable","13":"product-type-simple"},"acf":[],"_links":{"self":[{"href":"https:\/\/megacase.com\/fr\/wp-json\/wp\/v2\/product\/286272","targetHints":{"allow":["GET"]}}],"collection":[{"href":"https:\/\/megacase.com\/fr\/wp-json\/wp\/v2\/product"}],"about":[{"href":"https:\/\/megacase.com\/fr\/wp-json\/wp\/v2\/types\/product"}],"wp:featuredmedia":[{"embeddable":true,"href":"https:\/\/megacase.com\/fr\/wp-json\/wp\/v2\/media\/286119"}],"wp:attachment":[{"href":"https:\/\/megacase.com\/fr\/wp-json\/wp\/v2\/media?parent=286272"}],"wp:term":[{"taxonomy":"product_brand","embeddable":true,"href":"https:\/\/megacase.com\/fr\/wp-json\/wp\/v2\/product_brand?post=286272"},{"taxonomy":"product_cat","embeddable":true,"href":"https:\/\/megacase.com\/fr\/wp-json\/wp\/v2\/product_cat?post=286272"},{"taxonomy":"product_tag","embeddable":true,"href":"https:\/\/megacase.com\/fr\/wp-json\/wp\/v2\/product_tag?post=286272"}],"curies":[{"name":"wp","href":"https:\/\/api.w.org\/{rel}","templated":true}]}}