{"id":286262,"date":"2025-10-22T10:19:10","date_gmt":"2025-10-22T08:19:10","guid":{"rendered":"https:\/\/megacase.com\/?post_type=product&#038;p=286262"},"modified":"2026-03-26T13:42:00","modified_gmt":"2026-03-26T12:42:00","slug":"coffret-daccessoires-pour-cloisons-e2-euronorm-polyboard","status":"publish","type":"product","link":"https:\/\/megacase.com\/fr\/produit\/coffret-daccessoires-pour-cloisons-e2-euronorm-polyboard\/","title":{"rendered":"Coffret d&rsquo;accessoires pour cloisons E2 Euronorm Polyboard"},"content":{"rendered":"<p>S\u00e9parateurs sur mesure pour mallette d&rsquo;accessoires 1&#215;3, 2&#215;3 ou bo\u00eetes E2<br \/>\nLe kit comprend deux s\u00e9parateurs transversaux et deux s\u00e9parateurs longitudinaux.<\/p>\n<p>Polyboard noir 9 mm<br \/>\nBords arrondis<br \/>\nDivision par incr\u00e9ments de 5 cm et 7 cm<\/p>\n<p>**Remarque : La mallette d&rsquo;accessoires Euronorm E2 n&rsquo;est pas incluse.<br \/>\nVeuillez la commander s\u00e9par\u00e9ment sous la r\u00e9f\u00e9rence ZUB3186.<\/p>\n<p>Fabriqu\u00e9 en Allemagne<br \/>\nDimensions L x P x H : 550 x 350 x 195 mm<br \/>\nPoids : environ 2 kg<\/p>\n","protected":false},"excerpt":{"rendered":"<p>S\u00e9parateurs sur mesure pour mallette d&rsquo;accessoires 1&#215;3, 2&#215;3 ou bo\u00eetes E2 Le kit comprend deux s\u00e9parateurs transversaux et deux s\u00e9parateurs<\/p>\n","protected":false},"featured_media":286258,"template":"","meta":{"_acf_changed":false},"product_brand":[],"product_cat":[15043],"product_tag":[],"class_list":{"0":"post-286262","1":"product","2":"type-product","3":"status-publish","4":"has-post-thumbnail","6":"product_cat-uncategorized-de","8":"first","9":"instock","10":"taxable","11":"shipping-taxable","12":"purchasable","13":"product-type-simple"},"acf":[],"_links":{"self":[{"href":"https:\/\/megacase.com\/fr\/wp-json\/wp\/v2\/product\/286262","targetHints":{"allow":["GET"]}}],"collection":[{"href":"https:\/\/megacase.com\/fr\/wp-json\/wp\/v2\/product"}],"about":[{"href":"https:\/\/megacase.com\/fr\/wp-json\/wp\/v2\/types\/product"}],"wp:featuredmedia":[{"embeddable":true,"href":"https:\/\/megacase.com\/fr\/wp-json\/wp\/v2\/media\/286258"}],"wp:attachment":[{"href":"https:\/\/megacase.com\/fr\/wp-json\/wp\/v2\/media?parent=286262"}],"wp:term":[{"taxonomy":"product_brand","embeddable":true,"href":"https:\/\/megacase.com\/fr\/wp-json\/wp\/v2\/product_brand?post=286262"},{"taxonomy":"product_cat","embeddable":true,"href":"https:\/\/megacase.com\/fr\/wp-json\/wp\/v2\/product_cat?post=286262"},{"taxonomy":"product_tag","embeddable":true,"href":"https:\/\/megacase.com\/fr\/wp-json\/wp\/v2\/product_tag?post=286262"}],"curies":[{"name":"wp","href":"https:\/\/api.w.org\/{rel}","templated":true}]}}