{"id":286171,"date":"2026-03-26T09:02:54","date_gmt":"2026-03-26T08:02:54","guid":{"rendered":"https:\/\/megacase.com\/?post_type=product&#038;p=286171"},"modified":"2026-03-26T13:52:45","modified_gmt":"2026-03-26T12:52:45","slug":"zubehorcase-1x5-kisten-e2-euronorm","status":"publish","type":"product","link":"https:\/\/megacase.com\/fr\/produit\/zubehorcase-1x5-kisten-e2-euronorm\/","title":{"rendered":"Zubeh\u00f6rcase 1&#215;5 Kisten E2 Euronorm"},"content":{"rendered":"<p>Id\u00e9al pour trier les c\u00e2bles et les petits objets sur sc\u00e8ne et FOH (devant de la maison).<br \/>\nLes bo\u00eetes en plastique peuvent \u00e9galement \u00eatre divis\u00e9es \u00e0 l&rsquo;aide d&rsquo;un jeu de s\u00e9parateurs (voir <a href=\"https:\/\/megacase.com\/de\/produkt\/trennwandset-zubehoercase-2-x-3-box\/\">328318<\/a>).<br \/>\nCharni\u00e8res de porte \u00e0 gauche<\/p>\n<p>Brun ph\u00e9nol multiplex 9 mm<br \/>\nBordure en aluminium 30&#215;30 mm<br \/>\n2 fermoirs papillon \u00e0 ressort moyen<br \/>\n2 poign\u00e9es rabattables moyennes<br \/>\n3 charni\u00e8res 6 trous<br \/>\n8 grands coins boules \u00e9tag\u00e9s<br \/>\n4 roulettes pivotantes 100 mm \u00ab\u00a0Blue Wheels\u00a0\u00bb avec une capacit\u00e9 de charge jusqu&rsquo;\u00e0 450 kg (dont 2 frein\u00e9es)<br \/>\n5 caissons \u00e0 tiroirs (LxPxH) 565x365x195 mm<br \/>\n\u00e9galement disponible dans d&rsquo;autres versions (par exemple 1 x 4 bo\u00eetes)<br \/>\nSupport en aluminium<\/p>\n<p>Fabriqu\u00e9 en Allemagne<br \/>\nDimensions ext\u00e9rieures LxPxH : env. 660x500x1255mm<br \/>\nPoids : env. 45,6 kg<\/p>\n","protected":false},"excerpt":{"rendered":"<p>Id\u00e9al pour trier les c\u00e2bles et les petits objets sur sc\u00e8ne et FOH (devant de la maison). Les bo\u00eetes en<\/p>\n","protected":false},"featured_media":286091,"template":"","meta":{"_acf_changed":false},"product_brand":[],"product_cat":[13745,13755,13818],"product_tag":[],"class_list":{"0":"post-286171","1":"product","2":"type-product","3":"status-publish","4":"has-post-thumbnail","6":"product_cat-catering-und-event-cases-fr","7":"product_cat-universal-flightcases-fr","8":"product_cat-case-zubehoer-fr","10":"first","11":"instock","12":"taxable","13":"shipping-taxable","14":"purchasable","15":"product-type-simple"},"acf":[],"_links":{"self":[{"href":"https:\/\/megacase.com\/fr\/wp-json\/wp\/v2\/product\/286171","targetHints":{"allow":["GET"]}}],"collection":[{"href":"https:\/\/megacase.com\/fr\/wp-json\/wp\/v2\/product"}],"about":[{"href":"https:\/\/megacase.com\/fr\/wp-json\/wp\/v2\/types\/product"}],"wp:featuredmedia":[{"embeddable":true,"href":"https:\/\/megacase.com\/fr\/wp-json\/wp\/v2\/media\/286091"}],"wp:attachment":[{"href":"https:\/\/megacase.com\/fr\/wp-json\/wp\/v2\/media?parent=286171"}],"wp:term":[{"taxonomy":"product_brand","embeddable":true,"href":"https:\/\/megacase.com\/fr\/wp-json\/wp\/v2\/product_brand?post=286171"},{"taxonomy":"product_cat","embeddable":true,"href":"https:\/\/megacase.com\/fr\/wp-json\/wp\/v2\/product_cat?post=286171"},{"taxonomy":"product_tag","embeddable":true,"href":"https:\/\/megacase.com\/fr\/wp-json\/wp\/v2\/product_tag?post=286171"}],"curies":[{"name":"wp","href":"https:\/\/api.w.org\/{rel}","templated":true}]}}