{"id":286073,"date":"2026-03-26T09:02:55","date_gmt":"2026-03-26T08:02:55","guid":{"rendered":"https:\/\/megacase.com\/?post_type=product&#038;p=286073"},"modified":"2026-03-26T13:52:44","modified_gmt":"2026-03-26T12:52:44","slug":"zubehorcase-2x3-kisten-e2-euronorm-polyboard","status":"publish","type":"product","link":"https:\/\/megacase.com\/fr\/produit\/zubehorcase-2x3-kisten-e2-euronorm-polyboard\/","title":{"rendered":"Zubeh\u00f6rcase 2&#215;3 Kisten E2 Euronorm Polyboard"},"content":{"rendered":"<p>Cas d&rsquo;armoire<br \/>\nId\u00e9al pour trier les c\u00e2bles et les petits objets sur sc\u00e8ne et FOH (devant de la maison).<br \/>\nLes six bo\u00eetes en plastique peuvent \u00e9galement \u00eatre divis\u00e9es \u00e0 l&rsquo;aide d&rsquo;un kit de s\u00e9paration (voir 328318)<\/p>\n<p>Panneau poly 9 mm noir<br \/>\nProfil\u00e9 aluminium 30&#215;30 mm<br \/>\nSuspension moyenne 2 papillons<br \/>\n3 charni\u00e8res 6 trous<br \/>\n8 poign\u00e9es rabattables moyennes<br \/>\n8 coins de boule<br \/>\n8 roulettes pivotantes 100 mm dont 4 avec freins<br \/>\n6 bo\u00eetes d&rsquo;accessoires<br \/>\n** !!! ACTUELLEMENT DISPONIBLE UNIQUEMENT EN BO\u00ceTES EURONORM ROUGES !!!<\/p>\n<p>Fabriqu\u00e9 en Allemagne<br \/>\nDimensions ext\u00e9rieures : env. LxPxH 847x655x855 mm<br \/>\nPoids : 56,9kg<\/p>\n","protected":false},"excerpt":{"rendered":"<p>Cas d&rsquo;armoire Id\u00e9al pour trier les c\u00e2bles et les petits objets sur sc\u00e8ne et FOH (devant de la maison). Les<\/p>\n","protected":false},"featured_media":286070,"template":"","meta":{"_acf_changed":false},"product_brand":[],"product_cat":[13745,13818],"product_tag":[],"class_list":{"0":"post-286073","1":"product","2":"type-product","3":"status-publish","4":"has-post-thumbnail","6":"product_cat-catering-und-event-cases-fr","7":"product_cat-case-zubehoer-fr","9":"first","10":"instock","11":"taxable","12":"shipping-taxable","13":"purchasable","14":"product-type-simple"},"acf":[],"_links":{"self":[{"href":"https:\/\/megacase.com\/fr\/wp-json\/wp\/v2\/product\/286073","targetHints":{"allow":["GET"]}}],"collection":[{"href":"https:\/\/megacase.com\/fr\/wp-json\/wp\/v2\/product"}],"about":[{"href":"https:\/\/megacase.com\/fr\/wp-json\/wp\/v2\/types\/product"}],"wp:featuredmedia":[{"embeddable":true,"href":"https:\/\/megacase.com\/fr\/wp-json\/wp\/v2\/media\/286070"}],"wp:attachment":[{"href":"https:\/\/megacase.com\/fr\/wp-json\/wp\/v2\/media?parent=286073"}],"wp:term":[{"taxonomy":"product_brand","embeddable":true,"href":"https:\/\/megacase.com\/fr\/wp-json\/wp\/v2\/product_brand?post=286073"},{"taxonomy":"product_cat","embeddable":true,"href":"https:\/\/megacase.com\/fr\/wp-json\/wp\/v2\/product_cat?post=286073"},{"taxonomy":"product_tag","embeddable":true,"href":"https:\/\/megacase.com\/fr\/wp-json\/wp\/v2\/product_tag?post=286073"}],"curies":[{"name":"wp","href":"https:\/\/api.w.org\/{rel}","templated":true}]}}