{"id":286020,"date":"2026-03-26T09:02:55","date_gmt":"2026-03-26T08:02:55","guid":{"rendered":"https:\/\/megacase.com\/?post_type=product&#038;p=286020"},"modified":"2026-03-26T13:52:44","modified_gmt":"2026-03-26T12:52:44","slug":"zubehorcase-2x4-kisten-e2-euronorm-polyboard","status":"publish","type":"product","link":"https:\/\/megacase.com\/fr\/produit\/zubehorcase-2x4-kisten-e2-euronorm-polyboard\/","title":{"rendered":"Zubeh\u00f6rcase 2&#215;4 Kisten E2 Euronorm Polyboard"},"content":{"rendered":"<p>Id\u00e9al pour trier les c\u00e2bles et les petits objets sur sc\u00e8ne et FOH (devant de la maison).<br \/>\nLes 8 caisses plastiques caisses empilables Euronorm E2 peuvent \u00e9galement \u00eatre divis\u00e9es \u00e0 l&rsquo;aide d&rsquo;un jeu de s\u00e9paration (voir 328318)<\/p>\n<p>Panneau poly 9 mm noir<br \/>\nBordure en aluminium 30 x 30 mm<br \/>\n2 fermoirs papillon \u00e0 ressort<br \/>\n8 poign\u00e9es rabattables<br \/>\n3 charni\u00e8res arri\u00e8re<br \/>\n8 grands coins en bille d&rsquo;acier<br \/>\n8 roulettes pivotantes 100 mm \u00ab\u00a0Blue Wheels\u00a0\u00bb avec une capacit\u00e9 de charge jusqu&rsquo;\u00e0 450 kg (dont 4 frein\u00e9es)<br \/>\n2 x 4 caisses empilables Euronorm E2 (LxPxH) 56,5 x 36,5 x 19,5 cm<br \/>\n\u00e9galement disponible dans d&rsquo;autres versions (par exemple 2 x 3 bo\u00eetes)<br \/>\nSupport en aluminium<br \/>\n** !!! ACTUELLEMENT DISPONIBLE UNIQUEMENT EN BO\u00ceTES EURONORM ROUGES !!!<\/p>\n<p>Fabriqu\u00e9 en Allemagne<br \/>\nDimensions ext\u00e9rieures : env. LxPxH 850x660x1042 mm<br \/>\nPoids : 64kg<\/p>\n","protected":false},"excerpt":{"rendered":"<p>Id\u00e9al pour trier les c\u00e2bles et les petits objets sur sc\u00e8ne et FOH (devant de la maison). Les 8 caisses<\/p>\n","protected":false},"featured_media":286017,"template":"","meta":{"_acf_changed":false},"product_brand":[],"product_cat":[13745,13818],"product_tag":[],"class_list":{"0":"post-286020","1":"product","2":"type-product","3":"status-publish","4":"has-post-thumbnail","6":"product_cat-catering-und-event-cases-fr","7":"product_cat-case-zubehoer-fr","9":"first","10":"instock","11":"taxable","12":"shipping-taxable","13":"purchasable","14":"product-type-simple"},"acf":[],"_links":{"self":[{"href":"https:\/\/megacase.com\/fr\/wp-json\/wp\/v2\/product\/286020","targetHints":{"allow":["GET"]}}],"collection":[{"href":"https:\/\/megacase.com\/fr\/wp-json\/wp\/v2\/product"}],"about":[{"href":"https:\/\/megacase.com\/fr\/wp-json\/wp\/v2\/types\/product"}],"wp:featuredmedia":[{"embeddable":true,"href":"https:\/\/megacase.com\/fr\/wp-json\/wp\/v2\/media\/286017"}],"wp:attachment":[{"href":"https:\/\/megacase.com\/fr\/wp-json\/wp\/v2\/media?parent=286020"}],"wp:term":[{"taxonomy":"product_brand","embeddable":true,"href":"https:\/\/megacase.com\/fr\/wp-json\/wp\/v2\/product_brand?post=286020"},{"taxonomy":"product_cat","embeddable":true,"href":"https:\/\/megacase.com\/fr\/wp-json\/wp\/v2\/product_cat?post=286020"},{"taxonomy":"product_tag","embeddable":true,"href":"https:\/\/megacase.com\/fr\/wp-json\/wp\/v2\/product_tag?post=286020"}],"curies":[{"name":"wp","href":"https:\/\/api.w.org\/{rel}","templated":true}]}}