{"id":285908,"date":"2025-10-21T10:28:48","date_gmt":"2025-10-21T08:28:48","guid":{"rendered":"https:\/\/megacase.com\/?post_type=product&#038;p=285908"},"modified":"2026-03-26T13:42:00","modified_gmt":"2026-03-26T12:42:00","slug":"accessory-case-1x3-boxes-e2-euronorm-kopie","status":"publish","type":"product","link":"https:\/\/megacase.com\/fr\/produit\/accessory-case-1x3-boxes-e2-euronorm-kopie\/","title":{"rendered":"Accessory Case 1&#215;3 Boxes E2 Euronorm Polyboard"},"content":{"rendered":"<p>Id\u00e9al pour trier les c\u00e2bles et les petits objets sur sc\u00e8ne et FOH (devant de la maison).<br \/>\nLes trois bo\u00eetes en plastique peuvent \u00e9galement \u00eatre divis\u00e9es \u00e0 l&rsquo;aide d&rsquo;un jeu de s\u00e9parations (voir <a href=\"https:\/\/megacase.com\/de\/produkt\/trennwandset-zubehoercase-2-x-3-box\/\">328318<\/a>).<br \/>\nCharni\u00e8res de porte \u00e0 gauche<\/p>\n<p>Panneau poly 9 mm noir<br \/>\nBordure en aluminium 30&#215;30 mm<br \/>\n2 fermoirs papillon \u00e0 ressort moyen<br \/>\n4 poign\u00e9es rabattables moyennes<br \/>\nCharni\u00e8res \u00e0 gauche<br \/>\n8 coins de boule<br \/>\n4 roulettes pivotantes 100 mm \u00ab\u00a0Blue Wheels\u00a0\u00bb avec une capacit\u00e9 de charge jusqu&rsquo;\u00e0 450 kg (dont 4 avec freins)<br \/>\n3 caissons \u00e0 tiroirs, dimensions int\u00e9rieures LxPxH : 565x365x195 mm<br \/>\n\u00e9galement disponible dans d&rsquo;autres versions (par exemple <a href=\"https:\/\/megacase.com\/de\/produkt\/zubehoercase-2x4-kisten-e2-euronorm-color\/\">2 x 4 bo\u00eetes<\/a>)<br \/>\nSupport en aluminium<\/p>\n<p>Fabriqu\u00e9 en Allemagne<br \/>\nDimensions ext\u00e9rieures : env. LxPxH 660x500x830 mm<br \/>\nPoids : 33,5 kg<\/p>\n","protected":false},"excerpt":{"rendered":"<p>id\u00e9al pour trier les c\u00e2bles et les brins sur sc\u00e8ne et FOH, 1 x 3 bo\u00eetes | Fabriqu\u00e9 en Allemagne<\/p>\n","protected":false},"featured_media":285921,"template":"","meta":{"_acf_changed":false},"product_brand":[],"product_cat":[13745,13818],"product_tag":[],"class_list":{"0":"post-285908","1":"product","2":"type-product","3":"status-publish","4":"has-post-thumbnail","6":"product_cat-catering-und-event-cases-fr","7":"product_cat-case-zubehoer-fr","9":"first","10":"instock","11":"taxable","12":"shipping-taxable","13":"purchasable","14":"product-type-simple"},"acf":[],"_links":{"self":[{"href":"https:\/\/megacase.com\/fr\/wp-json\/wp\/v2\/product\/285908","targetHints":{"allow":["GET"]}}],"collection":[{"href":"https:\/\/megacase.com\/fr\/wp-json\/wp\/v2\/product"}],"about":[{"href":"https:\/\/megacase.com\/fr\/wp-json\/wp\/v2\/types\/product"}],"wp:featuredmedia":[{"embeddable":true,"href":"https:\/\/megacase.com\/fr\/wp-json\/wp\/v2\/media\/285921"}],"wp:attachment":[{"href":"https:\/\/megacase.com\/fr\/wp-json\/wp\/v2\/media?parent=285908"}],"wp:term":[{"taxonomy":"product_brand","embeddable":true,"href":"https:\/\/megacase.com\/fr\/wp-json\/wp\/v2\/product_brand?post=285908"},{"taxonomy":"product_cat","embeddable":true,"href":"https:\/\/megacase.com\/fr\/wp-json\/wp\/v2\/product_cat?post=285908"},{"taxonomy":"product_tag","embeddable":true,"href":"https:\/\/megacase.com\/fr\/wp-json\/wp\/v2\/product_tag?post=285908"}],"curies":[{"name":"wp","href":"https:\/\/api.w.org\/{rel}","templated":true}]}}