{"id":285887,"date":"2026-03-26T09:02:55","date_gmt":"2026-03-26T08:02:55","guid":{"rendered":"https:\/\/megacase.com\/?post_type=product&#038;p=285887"},"modified":"2026-03-26T13:52:44","modified_gmt":"2026-03-26T12:52:44","slug":"etui-pour-lecteur-cd-alphatheta-cdj-3000x","status":"publish","type":"product","link":"https:\/\/megacase.com\/fr\/produit\/etui-pour-lecteur-cd-alphatheta-cdj-3000x\/","title":{"rendered":"\u00c9tui pour lecteur CD AlphaTheta CDJ-3000X"},"content":{"rendered":"<p>Bo\u00eetier pour lecteur CD pour un AlphaTheta CDJ-3000X.<br \/>\nL&rsquo;appareil repose dans un rembourrage en mousse parfaitement ajust\u00e9 et<br \/>\npeut \u00eatre utilis\u00e9 dans le cas.<br \/>\nIl y a un passe-c\u00e2bles de 10 cm dans le bo\u00eetier.<\/p>\n<p>Brun ph\u00e9nol multiplex 6,8 mm<br \/>\nProfil\u00e9 aluminium 25&#215;25 mm<br \/>\n2 Papillons moyens<br \/>\n1 poign\u00e9e de valise<br \/>\n8 coins \u00e0 billes en acier moyen<br \/>\n4 pieds en caoutchouc<br \/>\nRembourrage en mousse <\/p>\n<p>**Remarque : les appareils pr\u00e9sent\u00e9s sont uniquement \u00e0 des fins d&rsquo;illustration et ne font PAS partie de l&rsquo;offre.<\/p>\n<p>Fabriqu\u00e9 en Allemagne<br \/>\nDimensions ext\u00e9rieures LxPxH 425 x 588 x 215 mm<br \/>\nPoids : 6,1kg<\/p>\n","protected":false},"excerpt":{"rendered":"<p>Bo\u00eetier pour lecteur CD pour un AlphaTheta CDJ-3000X. L&rsquo;appareil repose dans un rembourrage en mousse parfaitement ajust\u00e9 et peut \u00eatre<\/p>\n","protected":false},"featured_media":285812,"template":"","meta":{"_acf_changed":false},"product_brand":[],"product_cat":[13730],"product_tag":[],"class_list":{"0":"post-285887","1":"product","2":"type-product","3":"status-publish","4":"has-post-thumbnail","6":"product_cat-dj-cases-fr","8":"first","9":"instock","10":"taxable","11":"shipping-taxable","12":"purchasable","13":"product-type-simple"},"acf":[],"_links":{"self":[{"href":"https:\/\/megacase.com\/fr\/wp-json\/wp\/v2\/product\/285887","targetHints":{"allow":["GET"]}}],"collection":[{"href":"https:\/\/megacase.com\/fr\/wp-json\/wp\/v2\/product"}],"about":[{"href":"https:\/\/megacase.com\/fr\/wp-json\/wp\/v2\/types\/product"}],"wp:featuredmedia":[{"embeddable":true,"href":"https:\/\/megacase.com\/fr\/wp-json\/wp\/v2\/media\/285812"}],"wp:attachment":[{"href":"https:\/\/megacase.com\/fr\/wp-json\/wp\/v2\/media?parent=285887"}],"wp:term":[{"taxonomy":"product_brand","embeddable":true,"href":"https:\/\/megacase.com\/fr\/wp-json\/wp\/v2\/product_brand?post=285887"},{"taxonomy":"product_cat","embeddable":true,"href":"https:\/\/megacase.com\/fr\/wp-json\/wp\/v2\/product_cat?post=285887"},{"taxonomy":"product_tag","embeddable":true,"href":"https:\/\/megacase.com\/fr\/wp-json\/wp\/v2\/product_tag?post=285887"}],"curies":[{"name":"wp","href":"https:\/\/api.w.org\/{rel}","templated":true}]}}