{"id":285670,"date":"2015-07-17T00:00:00","date_gmt":"2015-07-16T22:00:00","guid":{"rendered":"https:\/\/megacase.com\/product\/flight-case-2160-x-160-x-1100-mm\/"},"modified":"2026-03-26T12:21:40","modified_gmt":"2026-03-26T11:21:40","slug":"flight-case-2160-x-160-x-1100-mm","status":"publish","type":"product","link":"https:\/\/megacase.com\/fr\/produit\/flight-case-2160-x-160-x-1100-mm\/","title":{"rendered":"Flight-case 2160 x 160 x 1100 mm"},"content":{"rendered":"<p>Coffre avec rembourrage en mousse<\/p>\n<p>Contreplaqu\u00e9 ph\u00e9nolique marron de 6,8 mm<br \/>\nProfil\u00e9 d&rsquo;aluminium 30 x 30 mm<br \/>\n8 coins moyens en L<br \/>\n6 coins moyens papillon avec \u0153illet<br \/>\n4 poign\u00e9es pliantes moyennes<br \/>\n8 coins moyens \u00e0 boule d&rsquo;acier<br \/>\nRembourrage en mousse<\/p>\n<p>Fabriqu\u00e9 en Allemagne<br \/>\nDimensions ext\u00e9rieures L x P x H : 2225 x 225 x 1175 mm<br \/>\nPoids : 40,7 kg<\/p>\n","protected":false},"excerpt":{"rendered":"<p>Coffre avec rembourrage en mousse Contreplaqu\u00e9 ph\u00e9nolique marron de 6,8 mm Profil\u00e9 d&rsquo;aluminium 30 x 30 mm 8 coins moyens<\/p>\n","protected":false},"featured_media":285659,"template":"","meta":{"_acf_changed":false},"product_brand":[],"product_cat":[13755],"product_tag":[],"class_list":{"0":"post-285670","1":"product","2":"type-product","3":"status-publish","4":"has-post-thumbnail","6":"product_cat-universal-flightcases-fr","8":"first","9":"instock","10":"taxable","11":"shipping-taxable","12":"purchasable","13":"product-type-simple"},"acf":[],"_links":{"self":[{"href":"https:\/\/megacase.com\/fr\/wp-json\/wp\/v2\/product\/285670","targetHints":{"allow":["GET"]}}],"collection":[{"href":"https:\/\/megacase.com\/fr\/wp-json\/wp\/v2\/product"}],"about":[{"href":"https:\/\/megacase.com\/fr\/wp-json\/wp\/v2\/types\/product"}],"wp:featuredmedia":[{"embeddable":true,"href":"https:\/\/megacase.com\/fr\/wp-json\/wp\/v2\/media\/285659"}],"wp:attachment":[{"href":"https:\/\/megacase.com\/fr\/wp-json\/wp\/v2\/media?parent=285670"}],"wp:term":[{"taxonomy":"product_brand","embeddable":true,"href":"https:\/\/megacase.com\/fr\/wp-json\/wp\/v2\/product_brand?post=285670"},{"taxonomy":"product_cat","embeddable":true,"href":"https:\/\/megacase.com\/fr\/wp-json\/wp\/v2\/product_cat?post=285670"},{"taxonomy":"product_tag","embeddable":true,"href":"https:\/\/megacase.com\/fr\/wp-json\/wp\/v2\/product_tag?post=285670"}],"curies":[{"name":"wp","href":"https:\/\/api.w.org\/{rel}","templated":true}]}}