{"id":285651,"date":"2026-03-26T09:02:55","date_gmt":"2026-03-26T08:02:55","guid":{"rendered":"https:\/\/megacase.com\/?post_type=product&#038;p=285651"},"modified":"2026-03-26T13:52:43","modified_gmt":"2026-03-26T12:52:43","slug":"penderie-mobile-pour-costumes-par-exemple","status":"publish","type":"product","link":"https:\/\/megacase.com\/fr\/produit\/penderie-mobile-pour-costumes-par-exemple\/","title":{"rendered":"Penderie mobile pour costumes, par exemple"},"content":{"rendered":"<p>Coffret penderie mobile avec tringle \u00e0 v\u00eatements int\u00e9gr\u00e9e<br \/>\net une tringle suppl\u00e9mentaire de 100 cm de long,<br \/>\npouvant \u00eatre suspendue entre deux valises.<br \/>\nOuverture dans les panneaux lat\u00e9raux droit et gauche<br \/>\npour la fixation de la tringle \u00e0 v\u00eatements (possible uniquement avec une deuxi\u00e8me valise).<br \/>\nLes couvercles sup\u00e9rieur et avant sont rabattables jusqu&rsquo;\u00e0 50 % de leur longueur.<\/p>\n<p>Contreplaqu\u00e9 de 6,8 mm, laqu\u00e9 couleur<br \/>\n&#8211; Couleur au choix dans notre nuancier<br \/>\nProfil\u00e9 aluminium 30 x 30 mm<br \/>\n12 coins moyens en L<br \/>\n4 charni\u00e8res papillon moyennes avec \u0153illet<br \/>\n6 poign\u00e9es rabattables moyennes<br \/>\n4 poign\u00e9es lat\u00e9rales<br \/>\n2 charni\u00e8res 6 trous<br \/>\n4 charni\u00e8res robustes en L<br \/>\n12 bacs de ventilation<br \/>\n1 bac encastr\u00e9 pour \u00e9tiquette Tour<br \/>\n8 coins \u00e0 billes en acier moyens<br \/>\n4 roulettes pivotantes de 100 mm avec frein<br \/>\n1 tringle \u00e0 v\u00eatements de 1015 mm de long<\/p>\n<p>Fabriqu\u00e9 en Allemagne<br \/>\nDimensions ext\u00e9rieures : env. L x P x H 630 x 650 x 1593 mm<br \/>\nPoids environ 43,4 kg<\/p>\n","protected":false},"excerpt":{"rendered":"<p>Coffret penderie mobile avec tringle \u00e0 v\u00eatements int\u00e9gr\u00e9e et une tringle suppl\u00e9mentaire de 100 cm de long, pouvant \u00eatre suspendue<\/p>\n","protected":false},"featured_media":285588,"template":"","meta":{"_acf_changed":false},"product_brand":[],"product_cat":[13793],"product_tag":[],"class_list":{"0":"post-285651","1":"product","2":"type-product","3":"status-publish","4":"has-post-thumbnail","6":"product_cat-make-up-artist-case-fr","8":"first","9":"instock","10":"taxable","11":"shipping-taxable","12":"purchasable","13":"product-type-simple"},"acf":[],"_links":{"self":[{"href":"https:\/\/megacase.com\/fr\/wp-json\/wp\/v2\/product\/285651","targetHints":{"allow":["GET"]}}],"collection":[{"href":"https:\/\/megacase.com\/fr\/wp-json\/wp\/v2\/product"}],"about":[{"href":"https:\/\/megacase.com\/fr\/wp-json\/wp\/v2\/types\/product"}],"wp:featuredmedia":[{"embeddable":true,"href":"https:\/\/megacase.com\/fr\/wp-json\/wp\/v2\/media\/285588"}],"wp:attachment":[{"href":"https:\/\/megacase.com\/fr\/wp-json\/wp\/v2\/media?parent=285651"}],"wp:term":[{"taxonomy":"product_brand","embeddable":true,"href":"https:\/\/megacase.com\/fr\/wp-json\/wp\/v2\/product_brand?post=285651"},{"taxonomy":"product_cat","embeddable":true,"href":"https:\/\/megacase.com\/fr\/wp-json\/wp\/v2\/product_cat?post=285651"},{"taxonomy":"product_tag","embeddable":true,"href":"https:\/\/megacase.com\/fr\/wp-json\/wp\/v2\/product_tag?post=285651"}],"curies":[{"name":"wp","href":"https:\/\/api.w.org\/{rel}","templated":true}]}}