{"id":285583,"date":"2026-03-26T09:02:56","date_gmt":"2026-03-26T08:02:56","guid":{"rendered":"https:\/\/megacase.com\/?post_type=product&#038;p=285583"},"modified":"2026-03-26T13:52:43","modified_gmt":"2026-03-26T12:52:43","slug":"meuble-a-chaussures-22-compartiments","status":"publish","type":"product","link":"https:\/\/megacase.com\/fr\/produit\/meuble-a-chaussures-22-compartiments\/","title":{"rendered":"Meuble \u00e0 chaussures 22 compartiments"},"content":{"rendered":"<p>Armoire avec 2 portes, 22 compartiments et grilles d&rsquo;a\u00e9ration<br \/>\nsur roulettes pivotantes de 100 mm avec frein.<br \/>\nLes tablettes en multiplex de 9 mm sont mont\u00e9es \u00e0 gauche et \u00e0 droite avec des profil\u00e9s en T et sont amovibles.<br \/>\nLes tablettes sont dot\u00e9es de d\u00e9coupes pour une circulation d&rsquo;air optimale.<\/p>\n<p>Multiplex de 6,8 mm, laqu\u00e9<br \/>\n&#8211; Couleur au choix dans notre nuancier<br \/>\nProfil\u00e9 aluminium 30 x 30 mm<br \/>\n8 coins moyens en L<br \/>\n3 charni\u00e8res papillon moyennes avec \u0153illet de verrouillage<br \/>\n6 poign\u00e9es pliantes moyennes<br \/>\n10 charni\u00e8res \u00e0 6 trous<br \/>\n10 grilles d&rsquo;a\u00e9ration<br \/>\n1 plateau encastr\u00e9 pour \u00e9tiquettes de tourn\u00e9e<br \/>\n8 coins moyens \u00e0 billes en acier<br \/>\n4 roulettes pivotantes de 100 mm avec frein<\/p>\n<p>Fabriqu\u00e9 en Allemagne<br \/>\nDimensions ext\u00e9rieures (L x P x H) : environ 1045 x 440 x 1593 mm<br \/>\nPoids : environ 75 kg<\/p>\n","protected":false},"excerpt":{"rendered":"<p>Armoire avec 2 portes, 22 compartiments et grilles d&rsquo;a\u00e9ration sur roulettes pivotantes de 100 mm avec frein. Les tablettes en<\/p>\n","protected":false},"featured_media":285558,"template":"","meta":{"_acf_changed":false},"product_brand":[],"product_cat":[15043],"product_tag":[],"class_list":{"0":"post-285583","1":"product","2":"type-product","3":"status-publish","4":"has-post-thumbnail","6":"product_cat-uncategorized-de","8":"first","9":"instock","10":"taxable","11":"shipping-taxable","12":"purchasable","13":"product-type-simple"},"acf":[],"_links":{"self":[{"href":"https:\/\/megacase.com\/fr\/wp-json\/wp\/v2\/product\/285583","targetHints":{"allow":["GET"]}}],"collection":[{"href":"https:\/\/megacase.com\/fr\/wp-json\/wp\/v2\/product"}],"about":[{"href":"https:\/\/megacase.com\/fr\/wp-json\/wp\/v2\/types\/product"}],"wp:featuredmedia":[{"embeddable":true,"href":"https:\/\/megacase.com\/fr\/wp-json\/wp\/v2\/media\/285558"}],"wp:attachment":[{"href":"https:\/\/megacase.com\/fr\/wp-json\/wp\/v2\/media?parent=285583"}],"wp:term":[{"taxonomy":"product_brand","embeddable":true,"href":"https:\/\/megacase.com\/fr\/wp-json\/wp\/v2\/product_brand?post=285583"},{"taxonomy":"product_cat","embeddable":true,"href":"https:\/\/megacase.com\/fr\/wp-json\/wp\/v2\/product_cat?post=285583"},{"taxonomy":"product_tag","embeddable":true,"href":"https:\/\/megacase.com\/fr\/wp-json\/wp\/v2\/product_tag?post=285583"}],"curies":[{"name":"wp","href":"https:\/\/api.w.org\/{rel}","templated":true}]}}