{"id":285350,"date":"2026-03-26T09:02:56","date_gmt":"2026-03-26T08:02:56","guid":{"rendered":"https:\/\/megacase.com\/?post_type=product&#038;p=285350"},"modified":"2026-03-26T13:52:43","modified_gmt":"2026-03-26T12:52:43","slug":"boitier-de-programmation-etc-eos-boitier-de-commande-pour-faders","status":"publish","type":"product","link":"https:\/\/megacase.com\/fr\/produit\/boitier-de-programmation-etc-eos-boitier-de-commande-pour-faders\/","title":{"rendered":"Bo\u00eetier de programmation ETC EOS + bo\u00eetier de commande pour faders"},"content":{"rendered":"<p>Bo\u00eetier de commande inclin\u00e9 pour un ETC EOS Programming Wing<br \/>\net un Universal Fader Wing 20.<br \/>\nPont pour deux \u00e9crans (dimensions maximales de l&rsquo;\u00e9cran \/ par exemple, iiyama PROLITE T2252MSC-B2).<br \/>\n\u00c0 gauche se trouve le ETC EOS Programming Wing<br \/>\net \u00e0 droite un ETC Universal Fader Wing (20 faders non motoris\u00e9s)<br \/>\navec un tiroir clavier pleine largeur en dessous.<\/p>\n<p>Multiplex noir RAL 9004 de 6,8 mm<br \/>\nCh\u00e2ssis aluminium 30 x 30 mm<br \/>\n4 coins moyens en L<br \/>\n6 coins moyens papillon<br \/>\n3 poign\u00e9es pliantes moyennes<br \/>\n4 coins moyens boule<br \/>\n4 coins moyens boule en L<br \/>\n2 bandes antid\u00e9rapantes<br \/>\nRembourrage en mousse<\/p>\n<p>Fabriqu\u00e9 en Allemagne<br \/>\nDimensions ext\u00e9rieures (L x P x H) : environ 1130 x 765 x 386 mm<br \/>\nPoids : environ 42 kg<\/p>\n","protected":false},"excerpt":{"rendered":"<p>Bo\u00eetier de commande inclin\u00e9 pour un ETC EOS Programming Wing et un Universal Fader Wing 20. Pont pour deux \u00e9crans<\/p>\n","protected":false},"featured_media":285267,"template":"","meta":{"_acf_changed":false},"product_brand":[],"product_cat":[16329],"product_tag":[],"class_list":{"0":"post-285350","1":"product","2":"type-product","3":"status-publish","4":"has-post-thumbnail","6":"product_cat-cases-fuer-lichtequipment-fr","8":"first","9":"instock","10":"taxable","11":"shipping-taxable","12":"purchasable","13":"product-type-simple"},"acf":[],"_links":{"self":[{"href":"https:\/\/megacase.com\/fr\/wp-json\/wp\/v2\/product\/285350","targetHints":{"allow":["GET"]}}],"collection":[{"href":"https:\/\/megacase.com\/fr\/wp-json\/wp\/v2\/product"}],"about":[{"href":"https:\/\/megacase.com\/fr\/wp-json\/wp\/v2\/types\/product"}],"wp:featuredmedia":[{"embeddable":true,"href":"https:\/\/megacase.com\/fr\/wp-json\/wp\/v2\/media\/285267"}],"wp:attachment":[{"href":"https:\/\/megacase.com\/fr\/wp-json\/wp\/v2\/media?parent=285350"}],"wp:term":[{"taxonomy":"product_brand","embeddable":true,"href":"https:\/\/megacase.com\/fr\/wp-json\/wp\/v2\/product_brand?post=285350"},{"taxonomy":"product_cat","embeddable":true,"href":"https:\/\/megacase.com\/fr\/wp-json\/wp\/v2\/product_cat?post=285350"},{"taxonomy":"product_tag","embeddable":true,"href":"https:\/\/megacase.com\/fr\/wp-json\/wp\/v2\/product_tag?post=285350"}],"curies":[{"name":"wp","href":"https:\/\/api.w.org\/{rel}","templated":true}]}}