{"id":285262,"date":"2026-03-26T09:02:56","date_gmt":"2026-03-26T08:02:56","guid":{"rendered":"https:\/\/megacase.com\/?post_type=product&#038;p=285262"},"modified":"2026-03-26T13:52:43","modified_gmt":"2026-03-26T12:52:43","slug":"sacoche-pour-ecran-incurve-dell-u4919dw-49","status":"publish","type":"product","link":"https:\/\/megacase.com\/fr\/produit\/sacoche-pour-ecran-incurve-dell-u4919dw-49\/","title":{"rendered":"Sacoche pour \u00e9cran incurv\u00e9 DELL U4919DW 49&Prime;"},"content":{"rendered":"<p>Sacoche pour \u00e9cran incurv\u00e9 DELL U4919DW 49&Prime;<br \/>\navec rembourrage en mousse sur mesure et 2 compartiments pour accessoires.<\/p>\n<p>Contreplaqu\u00e9 ph\u00e9nolique marron de 6,8 mm<br \/>\nBordure en aluminium 30\/30 mm<br \/>\n4 coins moyens en L<br \/>\n2 poign\u00e9es pliantes moyennes<br \/>\n2 charni\u00e8res papillon moyennes<br \/>\n2 grandes charni\u00e8res verrouillables<br \/>\n4 coins moyens \u00e0 rotule<br \/>\n4 roulettes pivotantes de 100 mm, dont 2 avec frein<br \/>\nRembourrage en mousse<\/p>\n<p>Remarque : Les appareils pr\u00e9sent\u00e9s sont \u00e0 titre d&rsquo;illustration uniquement et ne sont pas inclus dans cette offre.<\/p>\n<p>Fabriqu\u00e9 en Allemagne<br \/>\nDimensions ext\u00e9rieures (L x P x H) : environ 1287 x 347 x 630 mm<br \/>\nPoids : environ 25 kg<\/p>\n","protected":false},"excerpt":{"rendered":"<p>Sacoche pour \u00e9cran incurv\u00e9 DELL U4919DW 49&Prime; avec rembourrage en mousse sur mesure et 2 compartiments pour accessoires. Contreplaqu\u00e9 ph\u00e9nolique<\/p>\n","protected":false},"featured_media":285227,"template":"","meta":{"_acf_changed":false},"product_brand":[],"product_cat":[13690],"product_tag":[],"class_list":{"0":"post-285262","1":"product","2":"type-product","3":"status-publish","4":"has-post-thumbnail","6":"product_cat-display-monitor-fr","8":"first","9":"instock","10":"taxable","11":"shipping-taxable","12":"purchasable","13":"product-type-simple"},"acf":[],"_links":{"self":[{"href":"https:\/\/megacase.com\/fr\/wp-json\/wp\/v2\/product\/285262","targetHints":{"allow":["GET"]}}],"collection":[{"href":"https:\/\/megacase.com\/fr\/wp-json\/wp\/v2\/product"}],"about":[{"href":"https:\/\/megacase.com\/fr\/wp-json\/wp\/v2\/types\/product"}],"wp:featuredmedia":[{"embeddable":true,"href":"https:\/\/megacase.com\/fr\/wp-json\/wp\/v2\/media\/285227"}],"wp:attachment":[{"href":"https:\/\/megacase.com\/fr\/wp-json\/wp\/v2\/media?parent=285262"}],"wp:term":[{"taxonomy":"product_brand","embeddable":true,"href":"https:\/\/megacase.com\/fr\/wp-json\/wp\/v2\/product_brand?post=285262"},{"taxonomy":"product_cat","embeddable":true,"href":"https:\/\/megacase.com\/fr\/wp-json\/wp\/v2\/product_cat?post=285262"},{"taxonomy":"product_tag","embeddable":true,"href":"https:\/\/megacase.com\/fr\/wp-json\/wp\/v2\/product_tag?post=285262"}],"curies":[{"name":"wp","href":"https:\/\/api.w.org\/{rel}","templated":true}]}}