{"id":285222,"date":"2015-06-05T00:00:00","date_gmt":"2015-06-04T22:00:00","guid":{"rendered":"https:\/\/megacase.com\/product\/housse-de-protection-pour-televiseur-lg-smart-tv-55-pouces-lb630v\/"},"modified":"2026-03-26T12:21:40","modified_gmt":"2026-03-26T11:21:40","slug":"housse-de-protection-pour-televiseur-lg-smart-tv-55-pouces-lb630v","status":"publish","type":"product","link":"https:\/\/megacase.com\/fr\/produit\/housse-de-protection-pour-televiseur-lg-smart-tv-55-pouces-lb630v\/","title":{"rendered":"Housse de protection pour t\u00e9l\u00e9viseur LG Smart TV 55 pouces LB630V"},"content":{"rendered":"<p>Housse de protection pour t\u00e9l\u00e9viseur LG Smart LB630V 55 pouces.<br \/>\nL&rsquo;appareil se glisse par le haut dans le guide en mousse sur mesure et se fixe ainsi parfaitement dans la housse.<\/p>\n<p>Multiplex ph\u00e9nolique marron de 6,8 mm<br \/>\nBordure en aluminium 30 x 30 mm<br \/>\n8 coins moyens en L<br \/>\n4 poign\u00e9es papillon moyennes<br \/>\n4 poign\u00e9es pliantes moyennes<br \/>\n8 coins moyens \u00e0 billes en acier<br \/>\n4 roulettes pivotantes, dont 2 avec frein<br \/>\nRembourrage en mousse<\/p>\n<p>Fabriqu\u00e9 en Allemagne<br \/>\nDimensions ext\u00e9rieures :<br \/>\nL x P x H 1305 x 320 x 950 mm<br \/>\nPoids : 27,7 kg<\/p>\n","protected":false},"excerpt":{"rendered":"<p>Housse de protection pour t\u00e9l\u00e9viseur LG Smart LB630V 55 pouces. L&rsquo;appareil se glisse par le haut dans le guide en<\/p>\n","protected":false},"featured_media":285187,"template":"","meta":{"_acf_changed":false},"product_brand":[],"product_cat":[13692],"product_tag":[],"class_list":{"0":"post-285222","1":"product","2":"type-product","3":"status-publish","4":"has-post-thumbnail","6":"product_cat-plasma-cases-fr","8":"first","9":"instock","10":"taxable","11":"shipping-taxable","12":"purchasable","13":"product-type-simple"},"acf":[],"_links":{"self":[{"href":"https:\/\/megacase.com\/fr\/wp-json\/wp\/v2\/product\/285222","targetHints":{"allow":["GET"]}}],"collection":[{"href":"https:\/\/megacase.com\/fr\/wp-json\/wp\/v2\/product"}],"about":[{"href":"https:\/\/megacase.com\/fr\/wp-json\/wp\/v2\/types\/product"}],"wp:featuredmedia":[{"embeddable":true,"href":"https:\/\/megacase.com\/fr\/wp-json\/wp\/v2\/media\/285187"}],"wp:attachment":[{"href":"https:\/\/megacase.com\/fr\/wp-json\/wp\/v2\/media?parent=285222"}],"wp:term":[{"taxonomy":"product_brand","embeddable":true,"href":"https:\/\/megacase.com\/fr\/wp-json\/wp\/v2\/product_brand?post=285222"},{"taxonomy":"product_cat","embeddable":true,"href":"https:\/\/megacase.com\/fr\/wp-json\/wp\/v2\/product_cat?post=285222"},{"taxonomy":"product_tag","embeddable":true,"href":"https:\/\/megacase.com\/fr\/wp-json\/wp\/v2\/product_tag?post=285222"}],"curies":[{"name":"wp","href":"https:\/\/api.w.org\/{rel}","templated":true}]}}