{"id":285135,"date":"2026-03-26T09:02:56","date_gmt":"2026-03-26T08:02:56","guid":{"rendered":"https:\/\/megacase.com\/?post_type=product&#038;p=285135"},"modified":"2026-03-26T13:52:42","modified_gmt":"2026-03-26T12:52:42","slug":"coffre-4-en-1-pour-lyre-asservie-dexterieur-varytec-hero-wash-1940-ip","status":"publish","type":"product","link":"https:\/\/megacase.com\/fr\/produit\/coffre-4-en-1-pour-lyre-asservie-dexterieur-varytec-hero-wash-1940-ip\/","title":{"rendered":"Coffre 4 en 1 pour lyre asservie d&rsquo;ext\u00e9rieur Varytec Hero Wash 1940 IP"},"content":{"rendered":"<p>Coffre avec roulettes pivotantes de 100 mm, compatible avec 4 lyres asservies d&rsquo;ext\u00e9rieur Varytec Hero Wash 1940 IP.<br \/>\nLe couvercle est dot\u00e9 de logements pour roulettes et d&rsquo;un compartiment arri\u00e8re pour accessoires d&rsquo;environ 9 cm de largeur.<\/p>\n<p>Contreplaqu\u00e9 ph\u00e9nolique marron de 6,8 mm<br \/>\nBordure en aluminium 30 x 30 mm<br \/>\n4 coins moyens en L<br \/>\n2 charni\u00e8res papillon moyennes<br \/>\n2 grandes charni\u00e8res verrouillables<br \/>\n8 poign\u00e9es pliantes moyennes<br \/>\n4 plateaux de rangement pour roulettes encastr\u00e9s<br \/>\n8 coins \u00e0 billes en acier moyennes<br \/>\n4 roulettes pivotantes de 100 mm, dont 2 avec frein<br \/>\nRembourrage en mousse<\/p>\n<p>**Remarque : Les appareils pr\u00e9sent\u00e9s sont \u00e0 titre indicatif uniquement et ne sont pas inclus dans l&rsquo;offre.<\/p>\n<p>Fabriqu\u00e9 en Allemagne<br \/>\nDimensions ext\u00e9rieures L x P x H : 1075 x 600 x 770 mm<br \/>\nPoids : 35,8 kg<\/p>\n","protected":false},"excerpt":{"rendered":"<p>Coffre avec roulettes pivotantes de 100 mm, compatible avec 4 lyres asservies d&rsquo;ext\u00e9rieur Varytec Hero Wash 1940 IP. Le couvercle<\/p>\n","protected":false},"featured_media":285072,"template":"","meta":{"_acf_changed":false},"product_brand":[],"product_cat":[16329],"product_tag":[],"class_list":{"0":"post-285135","1":"product","2":"type-product","3":"status-publish","4":"has-post-thumbnail","6":"product_cat-cases-fuer-lichtequipment-fr","8":"first","9":"instock","10":"taxable","11":"shipping-taxable","12":"purchasable","13":"product-type-simple"},"acf":[],"_links":{"self":[{"href":"https:\/\/megacase.com\/fr\/wp-json\/wp\/v2\/product\/285135","targetHints":{"allow":["GET"]}}],"collection":[{"href":"https:\/\/megacase.com\/fr\/wp-json\/wp\/v2\/product"}],"about":[{"href":"https:\/\/megacase.com\/fr\/wp-json\/wp\/v2\/types\/product"}],"wp:featuredmedia":[{"embeddable":true,"href":"https:\/\/megacase.com\/fr\/wp-json\/wp\/v2\/media\/285072"}],"wp:attachment":[{"href":"https:\/\/megacase.com\/fr\/wp-json\/wp\/v2\/media?parent=285135"}],"wp:term":[{"taxonomy":"product_brand","embeddable":true,"href":"https:\/\/megacase.com\/fr\/wp-json\/wp\/v2\/product_brand?post=285135"},{"taxonomy":"product_cat","embeddable":true,"href":"https:\/\/megacase.com\/fr\/wp-json\/wp\/v2\/product_cat?post=285135"},{"taxonomy":"product_tag","embeddable":true,"href":"https:\/\/megacase.com\/fr\/wp-json\/wp\/v2\/product_tag?post=285135"}],"curies":[{"name":"wp","href":"https:\/\/api.w.org\/{rel}","templated":true}]}}