{"id":284961,"date":"2026-03-26T09:02:57","date_gmt":"2026-03-26T08:02:57","guid":{"rendered":"https:\/\/megacase.com\/?post_type=product&#038;p=284961"},"modified":"2026-03-26T13:52:42","modified_gmt":"2026-03-26T12:52:42","slug":"coffre-pour-2-lyres-asservies-varytec-hero-wash-1940-ip","status":"publish","type":"product","link":"https:\/\/megacase.com\/fr\/produit\/coffre-pour-2-lyres-asservies-varytec-hero-wash-1940-ip\/","title":{"rendered":"Coffre pour 2 lyres asservies Varytec Hero Wash 1940 IP"},"content":{"rendered":"<p>Coffre sur roulettes pivotantes, compatible avec 2 lyres asservies Varytec Hero Wash 1940 IP.<br \/>\nDes logements pour roulettes sont int\u00e9gr\u00e9s au couvercle.<br \/>\nLe panneau arri\u00e8re est dot\u00e9 d&rsquo;un compartiment pour accessoires d&rsquo;environ 9 cm sur toute sa longueur.<\/p>\n<p>Multiplex ph\u00e9nolique marron de 6,8 mm<br \/>\nBordure en aluminium 30 x 30 mm<br \/>\n4 coins moyens en L<br \/>\n4 poign\u00e9es pliantes moyennes<br \/>\n2 charni\u00e8res papillon moyennes<br \/>\n2 grandes charni\u00e8res verrouillables<br \/>\n4 logements pour roulettes<br \/>\n4 coins boule moyens<br \/>\n4 coins boule moyens, coins en L<br \/>\n4 roulettes pivotantes de 100 mm, dont 2 avec frein<br \/>\nRembourrage en mousse<\/p>\n<p>**Remarque : Les appareils pr\u00e9sent\u00e9s sont \u00e0 titre indicatif uniquement et ne font pas partie de l&rsquo;offre.<\/p>\n<p>Fabriqu\u00e9 en Allemagne<br \/>\nDimensions ext\u00e9rieures (L x P x H) : 600 x 600 x 770 mm<br \/>\nPoids : 25,6 kg<\/p>\n","protected":false},"excerpt":{"rendered":"<p>Coffre sur roulettes pivotantes, compatible avec 2 lyres asservies Varytec Hero Wash 1940 IP. Des logements pour roulettes sont int\u00e9gr\u00e9s<\/p>\n","protected":false},"featured_media":284906,"template":"","meta":{"_acf_changed":false},"product_brand":[],"product_cat":[16329],"product_tag":[],"class_list":{"0":"post-284961","1":"product","2":"type-product","3":"status-publish","4":"has-post-thumbnail","6":"product_cat-cases-fuer-lichtequipment-fr","8":"first","9":"instock","10":"taxable","11":"shipping-taxable","12":"purchasable","13":"product-type-simple"},"acf":[],"_links":{"self":[{"href":"https:\/\/megacase.com\/fr\/wp-json\/wp\/v2\/product\/284961","targetHints":{"allow":["GET"]}}],"collection":[{"href":"https:\/\/megacase.com\/fr\/wp-json\/wp\/v2\/product"}],"about":[{"href":"https:\/\/megacase.com\/fr\/wp-json\/wp\/v2\/types\/product"}],"wp:featuredmedia":[{"embeddable":true,"href":"https:\/\/megacase.com\/fr\/wp-json\/wp\/v2\/media\/284906"}],"wp:attachment":[{"href":"https:\/\/megacase.com\/fr\/wp-json\/wp\/v2\/media?parent=284961"}],"wp:term":[{"taxonomy":"product_brand","embeddable":true,"href":"https:\/\/megacase.com\/fr\/wp-json\/wp\/v2\/product_brand?post=284961"},{"taxonomy":"product_cat","embeddable":true,"href":"https:\/\/megacase.com\/fr\/wp-json\/wp\/v2\/product_cat?post=284961"},{"taxonomy":"product_tag","embeddable":true,"href":"https:\/\/megacase.com\/fr\/wp-json\/wp\/v2\/product_tag?post=284961"}],"curies":[{"name":"wp","href":"https:\/\/api.w.org\/{rel}","templated":true}]}}