{"id":284901,"date":"2026-03-26T09:02:57","date_gmt":"2026-03-26T08:02:57","guid":{"rendered":"https:\/\/megacase.com\/?post_type=product&#038;p=284901"},"modified":"2026-03-26T13:52:42","modified_gmt":"2026-03-26T12:52:42","slug":"boitier-de-controleur-incline-alphatheta-xdj-az","status":"publish","type":"product","link":"https:\/\/megacase.com\/fr\/produit\/boitier-de-controleur-incline-alphatheta-xdj-az\/","title":{"rendered":"Bo\u00eetier de contr\u00f4leur inclin\u00e9 AlphaTheta XDJ-AZ"},"content":{"rendered":"<p>Bo\u00eetier de contr\u00f4leur inclin\u00e9 pour AlphaTheta XDJ-AZ<br \/>\navec fonction trolley.<br \/>\nSous le contr\u00f4leur se trouvent 1 unit\u00e9 2U 19 pouces et 1 unit\u00e9 2U 9,5 pouces, avec un plateau pour ordinateur portable au-dessus.<br \/>\nLe conduit de c\u00e2bles est recouvert de deux passe-c\u00e2bles.<br \/>\nGrande trappe de service \u00e0 l&rsquo;arri\u00e8re.<\/p>\n<p>Multiplex 6,8 mm, rev\u00eatement couleur<br \/>\n&#8211; Couleur au choix dans notre nuancier<br \/>\n12 coins moyens en L<br \/>\n8 coins moyens papillon<br \/>\n3 poign\u00e9es pliantes moyennes<br \/>\n8 coins moyens sph\u00e9riques<br \/>\n2 roulettes de 50 mm<br \/>\n6 pieds en caoutchouc<br \/>\nRembourrage en mousse<br \/>\nFabriqu\u00e9 en Allemagne<br \/>\nDimensions ext\u00e9rieures : environ 1030 x 675 x 335 mm<br \/>\nPoids : environ 30,9 kg<\/p>\n","protected":false},"excerpt":{"rendered":"<p>Bo\u00eetier de contr\u00f4leur inclin\u00e9 pour AlphaTheta XDJ-AZ avec fonction trolley. Sous le contr\u00f4leur se trouvent 1 unit\u00e9 2U 19 pouces<\/p>\n","protected":false},"featured_media":284846,"template":"","meta":{"_acf_changed":false},"product_brand":[],"product_cat":[13730],"product_tag":[],"class_list":{"0":"post-284901","1":"product","2":"type-product","3":"status-publish","4":"has-post-thumbnail","6":"product_cat-dj-cases-fr","8":"first","9":"instock","10":"taxable","11":"shipping-taxable","12":"purchasable","13":"product-type-simple"},"acf":[],"_links":{"self":[{"href":"https:\/\/megacase.com\/fr\/wp-json\/wp\/v2\/product\/284901","targetHints":{"allow":["GET"]}}],"collection":[{"href":"https:\/\/megacase.com\/fr\/wp-json\/wp\/v2\/product"}],"about":[{"href":"https:\/\/megacase.com\/fr\/wp-json\/wp\/v2\/types\/product"}],"wp:featuredmedia":[{"embeddable":true,"href":"https:\/\/megacase.com\/fr\/wp-json\/wp\/v2\/media\/284846"}],"wp:attachment":[{"href":"https:\/\/megacase.com\/fr\/wp-json\/wp\/v2\/media?parent=284901"}],"wp:term":[{"taxonomy":"product_brand","embeddable":true,"href":"https:\/\/megacase.com\/fr\/wp-json\/wp\/v2\/product_brand?post=284901"},{"taxonomy":"product_cat","embeddable":true,"href":"https:\/\/megacase.com\/fr\/wp-json\/wp\/v2\/product_cat?post=284901"},{"taxonomy":"product_tag","embeddable":true,"href":"https:\/\/megacase.com\/fr\/wp-json\/wp\/v2\/product_tag?post=284901"}],"curies":[{"name":"wp","href":"https:\/\/api.w.org\/{rel}","templated":true}]}}