{"id":284735,"date":"2026-03-26T09:02:57","date_gmt":"2026-03-26T08:02:57","guid":{"rendered":"https:\/\/megacase.com\/?post_type=product&#038;p=284735"},"modified":"2026-03-26T13:52:41","modified_gmt":"2026-03-26T12:52:41","slug":"coffret-markbass-mb58r-104-energy-box-4","status":"publish","type":"product","link":"https:\/\/megacase.com\/fr\/produit\/coffret-markbass-mb58r-104-energy-box-4\/","title":{"rendered":"Coffret Markbass MB58R 104 Energy Box 4"},"content":{"rendered":"<p>Coffret avec roulettes pivotantes pour caisson basse \u00e9lectrique Markbass MB58R 104 Energy Box 4<\/p>\n<p>Contreplaqu\u00e9 ph\u00e9nolique marron de 6,8 mm<br \/>\nCh\u00e2ssis en aluminium de 30 x 30 mm<br \/>\n8 coins moyens en L<br \/>\n2 grandes poign\u00e9es papillon<br \/>\n2 poign\u00e9es rabattables moyennes<br \/>\n8 coins moyens en boule<br \/>\n4 roulettes pivotantes, dont 2 avec frein<br \/>\nRembourrage en mousse<\/p>\n<p>Fabriqu\u00e9 en Allemagne<br \/>\nDimensions ext\u00e9rieures L x P x H : environ 645 x 530 x 835 mm<br \/>\nPoids : environ 22,6 kg<\/p>\n","protected":false},"excerpt":{"rendered":"<p>Coffret avec roulettes pivotantes pour caisson basse \u00e9lectrique Markbass MB58R 104 Energy Box 4 Contreplaqu\u00e9 ph\u00e9nolique marron de 6,8 mm<\/p>\n","protected":false},"featured_media":284704,"template":"","meta":{"_acf_changed":false},"product_brand":[],"product_cat":[16320],"product_tag":[],"class_list":{"0":"post-284735","1":"product","2":"type-product","3":"status-publish","4":"has-post-thumbnail","6":"product_cat-audio-cases-fr","8":"first","9":"instock","10":"taxable","11":"shipping-taxable","12":"purchasable","13":"product-type-simple"},"acf":[],"_links":{"self":[{"href":"https:\/\/megacase.com\/fr\/wp-json\/wp\/v2\/product\/284735","targetHints":{"allow":["GET"]}}],"collection":[{"href":"https:\/\/megacase.com\/fr\/wp-json\/wp\/v2\/product"}],"about":[{"href":"https:\/\/megacase.com\/fr\/wp-json\/wp\/v2\/types\/product"}],"wp:featuredmedia":[{"embeddable":true,"href":"https:\/\/megacase.com\/fr\/wp-json\/wp\/v2\/media\/284704"}],"wp:attachment":[{"href":"https:\/\/megacase.com\/fr\/wp-json\/wp\/v2\/media?parent=284735"}],"wp:term":[{"taxonomy":"product_brand","embeddable":true,"href":"https:\/\/megacase.com\/fr\/wp-json\/wp\/v2\/product_brand?post=284735"},{"taxonomy":"product_cat","embeddable":true,"href":"https:\/\/megacase.com\/fr\/wp-json\/wp\/v2\/product_cat?post=284735"},{"taxonomy":"product_tag","embeddable":true,"href":"https:\/\/megacase.com\/fr\/wp-json\/wp\/v2\/product_tag?post=284735"}],"curies":[{"name":"wp","href":"https:\/\/api.w.org\/{rel}","templated":true}]}}