{"id":284695,"date":"2026-03-26T09:02:58","date_gmt":"2026-03-26T08:02:58","guid":{"rendered":"https:\/\/megacase.com\/?post_type=product&#038;p=284695"},"modified":"2026-03-26T13:52:41","modified_gmt":"2026-03-26T12:52:41","slug":"etui-clavier-arturia-minibrute-2-noir-type-1","status":"publish","type":"product","link":"https:\/\/megacase.com\/fr\/produit\/etui-clavier-arturia-minibrute-2-noir-type-1\/","title":{"rendered":"\u00c9tui clavier Arturia MiniBrute 2 Noir Type 1"},"content":{"rendered":"<p>\u00c9tui clavier Type 1 pour Arturia MiniBrute 2 Noir, 61 touches.<\/p>\n<p>Contreplaqu\u00e9 ph\u00e9nolique marron de 6,8 mm<br \/>\nBordure aluminium 25 x 25 mm<br \/>\n4 petits coins en L<br \/>\n2 fermetures \u00e0 pression avec \u0153illets<br \/>\n2 grandes charni\u00e8res de verrouillage<br \/>\n1 poign\u00e9e en cuir<br \/>\n8 coins \u00e0 billes en acier de taille moyenne<\/p>\n<p>**Remarque : Les appareils pr\u00e9sent\u00e9s sont \u00e0 titre indicatif uniquement et ne sont pas inclus dans cette offre.<\/p>\n<p>Fabriqu\u00e9 en Allemagne<br \/>\nDimensions ext\u00e9rieures : L x P x H 550 x 440 x 160 mm<br \/>\nPoids : 5,8 kg<\/p>\n","protected":false},"excerpt":{"rendered":"<p>\u00c9tui clavier Type 1 pour Arturia MiniBrute 2 Noir, 61 touches. Contreplaqu\u00e9 ph\u00e9nolique marron de 6,8 mm Bordure aluminium 25<\/p>\n","protected":false},"featured_media":284656,"template":"","meta":{"_acf_changed":false},"product_brand":[],"product_cat":[13787],"product_tag":[],"class_list":{"0":"post-284695","1":"product","2":"type-product","3":"status-publish","4":"has-post-thumbnail","6":"product_cat-keyboard-cases-fr","8":"first","9":"instock","10":"taxable","11":"shipping-taxable","12":"purchasable","13":"product-type-simple"},"acf":[],"_links":{"self":[{"href":"https:\/\/megacase.com\/fr\/wp-json\/wp\/v2\/product\/284695","targetHints":{"allow":["GET"]}}],"collection":[{"href":"https:\/\/megacase.com\/fr\/wp-json\/wp\/v2\/product"}],"about":[{"href":"https:\/\/megacase.com\/fr\/wp-json\/wp\/v2\/types\/product"}],"wp:featuredmedia":[{"embeddable":true,"href":"https:\/\/megacase.com\/fr\/wp-json\/wp\/v2\/media\/284656"}],"wp:attachment":[{"href":"https:\/\/megacase.com\/fr\/wp-json\/wp\/v2\/media?parent=284695"}],"wp:term":[{"taxonomy":"product_brand","embeddable":true,"href":"https:\/\/megacase.com\/fr\/wp-json\/wp\/v2\/product_brand?post=284695"},{"taxonomy":"product_cat","embeddable":true,"href":"https:\/\/megacase.com\/fr\/wp-json\/wp\/v2\/product_cat?post=284695"},{"taxonomy":"product_tag","embeddable":true,"href":"https:\/\/megacase.com\/fr\/wp-json\/wp\/v2\/product_tag?post=284695"}],"curies":[{"name":"wp","href":"https:\/\/api.w.org\/{rel}","templated":true}]}}