{"id":284350,"date":"2026-03-26T09:02:58","date_gmt":"2026-03-26T08:02:58","guid":{"rendered":"https:\/\/megacase.com\/?post_type=product&#038;p=284350"},"modified":"2026-03-26T13:52:40","modified_gmt":"2026-03-26T12:52:40","slug":"mallette-de-poitrine-varytec-hero-wash-760-ip-tete-mobile-exterieure-2en1","status":"publish","type":"product","link":"https:\/\/megacase.com\/fr\/produit\/mallette-de-poitrine-varytec-hero-wash-760-ip-tete-mobile-exterieure-2en1\/","title":{"rendered":"Mallette de poitrine Varytec Hero Wash 760 IP T\u00eate mobile ext\u00e9rieure 2en1"},"content":{"rendered":"<p>Valise coffre dynamique sur roulettes pivotantes 100 mm adapt\u00e9e pour<br \/>\n2x t\u00eate mobile ext\u00e9rieure Varytec Hero Wash 760 IP.<br \/>\nIl y a des plateaux d&rsquo;installation pour les passages de roues et dans le couvercle<br \/>\nAu dos, il y a un env. Compartiment accessoires de 13 cm sur toute la largeur.<\/p>\n<p>Brun ph\u00e9nol multiplex 6,8 mm<br \/>\nBordure en aluminium 30&#215;30 mm<br \/>\n4 coins en L moyen<br \/>\n2 Papillons moyens<br \/>\n2 grandes charni\u00e8res verrouillables<br \/>\n4 poign\u00e9es rabattables moyennes<br \/>\n4 Plateau d&rsquo;installation pour logement de roue dans le couvercle<br \/>\n4 coins boules moyen<br \/>\n4 coins boules coin L moyen<br \/>\n4 roulettes pivotantes 100 mm dont 2 avec frein<br \/>\nRembourrage en mousse<\/p>\n<p>** Remarque : les appareils pr\u00e9sent\u00e9s sont uniquement \u00e0 des fins d&rsquo;illustration et ne font PAS partie de l&rsquo;offre.<\/p>\n<p>Fabriqu\u00e9 en Allemagne<br \/>\nDimensions ext\u00e9rieures LxPxH 600 x 600 x 720 mm<br \/>\nPoids : 25,1kg<\/p>\n","protected":false},"excerpt":{"rendered":"<p>Valise coffre dynamique sur roulettes pivotantes 100 mm adapt\u00e9e pour 2x t\u00eate mobile ext\u00e9rieure Varytec Hero Wash 760 IP. Il<\/p>\n","protected":false},"featured_media":284270,"template":"","meta":{"_acf_changed":false},"product_brand":[],"product_cat":[16329],"product_tag":[],"class_list":{"0":"post-284350","1":"product","2":"type-product","3":"status-publish","4":"has-post-thumbnail","6":"product_cat-cases-fuer-lichtequipment-fr","8":"first","9":"instock","10":"taxable","11":"shipping-taxable","12":"purchasable","13":"product-type-simple"},"acf":[],"_links":{"self":[{"href":"https:\/\/megacase.com\/fr\/wp-json\/wp\/v2\/product\/284350","targetHints":{"allow":["GET"]}}],"collection":[{"href":"https:\/\/megacase.com\/fr\/wp-json\/wp\/v2\/product"}],"about":[{"href":"https:\/\/megacase.com\/fr\/wp-json\/wp\/v2\/types\/product"}],"wp:featuredmedia":[{"embeddable":true,"href":"https:\/\/megacase.com\/fr\/wp-json\/wp\/v2\/media\/284270"}],"wp:attachment":[{"href":"https:\/\/megacase.com\/fr\/wp-json\/wp\/v2\/media?parent=284350"}],"wp:term":[{"taxonomy":"product_brand","embeddable":true,"href":"https:\/\/megacase.com\/fr\/wp-json\/wp\/v2\/product_brand?post=284350"},{"taxonomy":"product_cat","embeddable":true,"href":"https:\/\/megacase.com\/fr\/wp-json\/wp\/v2\/product_cat?post=284350"},{"taxonomy":"product_tag","embeddable":true,"href":"https:\/\/megacase.com\/fr\/wp-json\/wp\/v2\/product_tag?post=284350"}],"curies":[{"name":"wp","href":"https:\/\/api.w.org\/{rel}","templated":true}]}}