{"id":284253,"date":"2026-03-26T09:02:58","date_gmt":"2026-03-26T08:02:58","guid":{"rendered":"https:\/\/megacase.com\/?post_type=product&#038;p=284253"},"modified":"2026-03-26T13:52:40","modified_gmt":"2026-03-26T12:52:40","slug":"mallette-de-poitrine-varytec-hero-wash-760-ip-tete-mobile-exterieure-4en1","status":"publish","type":"product","link":"https:\/\/megacase.com\/fr\/produit\/mallette-de-poitrine-varytec-hero-wash-760-ip-tete-mobile-exterieure-4en1\/","title":{"rendered":"Mallette de poitrine Varytec Hero Wash 760 IP T\u00eate mobile ext\u00e9rieure 4en1"},"content":{"rendered":"<p>Valise coffre dynamique sur roulettes pivotantes 100 mm adapt\u00e9e pour<br \/>\n4x t\u00eate mobile ext\u00e9rieure Varytec Hero Wash 760 IP.<br \/>\nIl y a des plateaux d&rsquo;installation pour les passages de roues et dans le couvercle<br \/>\nAu dos, il y a un env. Compartiment accessoires de 13 cm sur toute la largeur.<\/p>\n<p>Brun ph\u00e9nol multiplex 6,8 mm<br \/>\nBordure en aluminium 30&#215;30 mm<br \/>\n4 coins en L moyen<br \/>\n2 Papillons moyens<br \/>\n2 grandes charni\u00e8res verrouillables<br \/>\n8 poign\u00e9es rabattables moyennes<br \/>\n4 Plateau d&rsquo;installation pour logement de roue dans le couvercle<br \/>\n4 coins boules moyen<br \/>\n4 coins boules coin L moyen<br \/>\n4 roulettes pivotantes 100 mm dont 2 avec frein<br \/>\nRembourrage en mousse<\/p>\n<p>Fabriqu\u00e9 en Allemagne<br \/>\nDimensions ext\u00e9rieures LxPxH 1084 x 600 x 720 mm<br \/>\nPoids : 34,7 kg<\/p>\n","protected":false},"excerpt":{"rendered":"<p>Valise coffre dynamique sur roulettes pivotantes 100 mm adapt\u00e9e pour 4x t\u00eate mobile ext\u00e9rieure Varytec Hero Wash 760 IP. Il<\/p>\n","protected":false},"featured_media":284170,"template":"","meta":{"_acf_changed":false},"product_brand":[],"product_cat":[16329,16336],"product_tag":[],"class_list":{"0":"post-284253","1":"product","2":"type-product","3":"status-publish","4":"has-post-thumbnail","6":"product_cat-cases-fuer-lichtequipment-fr","7":"product_cat-uncategorized-fr","9":"first","10":"instock","11":"taxable","12":"shipping-taxable","13":"purchasable","14":"product-type-simple"},"acf":[],"_links":{"self":[{"href":"https:\/\/megacase.com\/fr\/wp-json\/wp\/v2\/product\/284253","targetHints":{"allow":["GET"]}}],"collection":[{"href":"https:\/\/megacase.com\/fr\/wp-json\/wp\/v2\/product"}],"about":[{"href":"https:\/\/megacase.com\/fr\/wp-json\/wp\/v2\/types\/product"}],"wp:featuredmedia":[{"embeddable":true,"href":"https:\/\/megacase.com\/fr\/wp-json\/wp\/v2\/media\/284170"}],"wp:attachment":[{"href":"https:\/\/megacase.com\/fr\/wp-json\/wp\/v2\/media?parent=284253"}],"wp:term":[{"taxonomy":"product_brand","embeddable":true,"href":"https:\/\/megacase.com\/fr\/wp-json\/wp\/v2\/product_brand?post=284253"},{"taxonomy":"product_cat","embeddable":true,"href":"https:\/\/megacase.com\/fr\/wp-json\/wp\/v2\/product_cat?post=284253"},{"taxonomy":"product_tag","embeddable":true,"href":"https:\/\/megacase.com\/fr\/wp-json\/wp\/v2\/product_tag?post=284253"}],"curies":[{"name":"wp","href":"https:\/\/api.w.org\/{rel}","templated":true}]}}