{"id":283961,"date":"2026-03-26T09:02:59","date_gmt":"2026-03-26T08:02:59","guid":{"rendered":"https:\/\/megacase.com\/?post_type=product&#038;p=283961"},"modified":"2026-03-26T13:52:39","modified_gmt":"2026-03-26T12:52:39","slug":"housse-de-protection-chamsys-magicq-compact-wing","status":"publish","type":"product","link":"https:\/\/megacase.com\/fr\/produit\/housse-de-protection-chamsys-magicq-compact-wing\/","title":{"rendered":"Housse de protection ChamSys MagicQ Compact Wing"},"content":{"rendered":"<p>Housse de protection noire pour Chamsys MagicQ Compact Wing<br \/>\navec un passe-c\u00e2bles derri\u00e8re l&rsquo;appareil.<br \/>\nL&rsquo;appareil peut \u00eatre utilis\u00e9 depuis la base.<\/p>\n<p>6,8 mm multiplex noir RAL 9004<br \/>\nBord en aluminium de 25\/25 mm<br \/>\n4 coins en L moyen<br \/>\n2 papillons moyens \u00e0 ressort<br \/>\n1 poign\u00e9e en cuir<br \/>\n4 coins boules moyen<br \/>\n4 coins boules coin L moyen<br \/>\n4 pieds en caoutchouc<br \/>\nRembourrage en mousse<\/p>\n<p>** Remarque : les appareils pr\u00e9sent\u00e9s sont uniquement \u00e0 des fins d&rsquo;illustration et ne font PAS partie de l&rsquo;offre.<\/p>\n<p>Fabriqu\u00e9 en Allemagne<br \/>\nDimensions ext\u00e9rieures env. LxPxH 385 x 517 x 195 mm<br \/>\nPoids env. 5,8 kg<\/p>\n","protected":false},"excerpt":{"rendered":"<p>Housse de protection noire pour Chamsys MagicQ Compact Wing avec un passe-c\u00e2bles derri\u00e8re l&rsquo;appareil. L&rsquo;appareil peut \u00eatre utilis\u00e9 depuis la<\/p>\n","protected":false},"featured_media":283965,"template":"","meta":{"_acf_changed":false},"product_brand":[],"product_cat":[16329],"product_tag":[],"class_list":{"0":"post-283961","1":"product","2":"type-product","3":"status-publish","4":"has-post-thumbnail","6":"product_cat-cases-fuer-lichtequipment-fr","8":"first","9":"instock","10":"taxable","11":"shipping-taxable","12":"purchasable","13":"product-type-simple"},"acf":[],"_links":{"self":[{"href":"https:\/\/megacase.com\/fr\/wp-json\/wp\/v2\/product\/283961","targetHints":{"allow":["GET"]}}],"collection":[{"href":"https:\/\/megacase.com\/fr\/wp-json\/wp\/v2\/product"}],"about":[{"href":"https:\/\/megacase.com\/fr\/wp-json\/wp\/v2\/types\/product"}],"wp:featuredmedia":[{"embeddable":true,"href":"https:\/\/megacase.com\/fr\/wp-json\/wp\/v2\/media\/283965"}],"wp:attachment":[{"href":"https:\/\/megacase.com\/fr\/wp-json\/wp\/v2\/media?parent=283961"}],"wp:term":[{"taxonomy":"product_brand","embeddable":true,"href":"https:\/\/megacase.com\/fr\/wp-json\/wp\/v2\/product_brand?post=283961"},{"taxonomy":"product_cat","embeddable":true,"href":"https:\/\/megacase.com\/fr\/wp-json\/wp\/v2\/product_cat?post=283961"},{"taxonomy":"product_tag","embeddable":true,"href":"https:\/\/megacase.com\/fr\/wp-json\/wp\/v2\/product_tag?post=283961"}],"curies":[{"name":"wp","href":"https:\/\/api.w.org\/{rel}","templated":true}]}}