{"id":283957,"date":"2025-09-22T10:13:43","date_gmt":"2025-09-22T08:13:43","guid":{"rendered":"https:\/\/megacase.com\/?post_type=product&#038;p=283957"},"modified":"2026-03-26T13:42:01","modified_gmt":"2026-03-26T12:42:01","slug":"variable-de-cas-du-teleprompteur","status":"publish","type":"product","link":"https:\/\/megacase.com\/fr\/produit\/variable-de-cas-du-teleprompteur\/","title":{"rendered":"Variable de cas du t\u00e9l\u00e9prompteur"},"content":{"rendered":"<p>Bo\u00eetier de t\u00e9l\u00e9prompteur variable pour moniteurs<br \/>\navec les dimensions max. LxPxH 539x48x340 mm <\/p>\n<p>Rev\u00eatement color\u00e9 multiplex de 6,8 mm<br \/>\n&#8211; Couleur librement s\u00e9lectionnable dans notre nuancier<br \/>\nBord en aluminium de 25\/25 mm<br \/>\n4 coins en L moyen<br \/>\nCoin 4 L petit<br \/>\n3 mini papillons<br \/>\n2 charni\u00e8res 30&#215;28 mm<br \/>\n1 manche rabattable moyen<br \/>\n8 coins boules moyen<br \/>\n2 coques d&rsquo;installation 2xD prise standard<br \/>\n6 tampons en caoutchouc M6 20&#215;25 mm<br \/>\n4 pieds en caoutchouc<br \/>\n2 rails de cr\u00e9maill\u00e8re<br \/>\nJeu de vis<\/p>\n<p>Fabriqu\u00e9 en Allemagne<br \/>\nDimensions ext\u00e9rieures LxPxH 595 x 375 x 885 mm<br \/>\nPoids : 11,3 kg<\/p>\n","protected":false},"excerpt":{"rendered":"<p>Bo\u00eetier de t\u00e9l\u00e9prompteur variable pour moniteurs avec les dimensions max. LxPxH 539x48x340 mm Rev\u00eatement color\u00e9 multiplex de 6,8 mm &#8211;<\/p>\n","protected":false},"featured_media":283784,"template":"","meta":{"_acf_changed":false},"product_brand":[],"product_cat":[13690],"product_tag":[],"class_list":{"0":"post-283957","1":"product","2":"type-product","3":"status-publish","4":"has-post-thumbnail","6":"product_cat-display-monitor-fr","8":"first","9":"instock","10":"taxable","11":"shipping-taxable","12":"purchasable","13":"product-type-simple"},"acf":[],"_links":{"self":[{"href":"https:\/\/megacase.com\/fr\/wp-json\/wp\/v2\/product\/283957","targetHints":{"allow":["GET"]}}],"collection":[{"href":"https:\/\/megacase.com\/fr\/wp-json\/wp\/v2\/product"}],"about":[{"href":"https:\/\/megacase.com\/fr\/wp-json\/wp\/v2\/types\/product"}],"wp:featuredmedia":[{"embeddable":true,"href":"https:\/\/megacase.com\/fr\/wp-json\/wp\/v2\/media\/283784"}],"wp:attachment":[{"href":"https:\/\/megacase.com\/fr\/wp-json\/wp\/v2\/media?parent=283957"}],"wp:term":[{"taxonomy":"product_brand","embeddable":true,"href":"https:\/\/megacase.com\/fr\/wp-json\/wp\/v2\/product_brand?post=283957"},{"taxonomy":"product_cat","embeddable":true,"href":"https:\/\/megacase.com\/fr\/wp-json\/wp\/v2\/product_cat?post=283957"},{"taxonomy":"product_tag","embeddable":true,"href":"https:\/\/megacase.com\/fr\/wp-json\/wp\/v2\/product_tag?post=283957"}],"curies":[{"name":"wp","href":"https:\/\/api.w.org\/{rel}","templated":true}]}}