{"id":283710,"date":"2026-03-26T09:02:59","date_gmt":"2026-03-26T08:02:59","guid":{"rendered":"https:\/\/megacase.com\/?post_type=product&#038;p=283710"},"modified":"2026-03-26T13:52:38","modified_gmt":"2026-03-26T12:52:38","slug":"console-avolites-t3-boitier-wing","status":"publish","type":"product","link":"https:\/\/megacase.com\/fr\/produit\/console-avolites-t3-boitier-wing\/","title":{"rendered":"Console Avolites T3 \/ Bo\u00eetier Wing"},"content":{"rendered":"<p>Bo\u00eetier \u00e9cologique pour console d&rsquo;\u00e9clairage Avolites T3 \/ T3 Wing.<br \/>\nL&rsquo;appareil est command\u00e9 par le bas.<br \/>\nPasse-c\u00e2bles lat\u00e9ral pour acc\u00e9der aux connexions.<\/p>\n<p>Panneau Polyboard noir de 6,5 mm<br \/>\nBordure aluminium 22\/22 mm<br \/>\n2 mini-vis papillon<br \/>\n1 poign\u00e9e<br \/>\n8 petits coins sph\u00e9riques<br \/>\n4 pieds en caoutchouc<br \/>\nRembourrage en mousse<\/p>\n<p>**Remarque : Les appareils pr\u00e9sent\u00e9s sont \u00e0 titre indicatif uniquement et ne sont pas inclus dans cette offre.<\/p>\n<p>Fabriqu\u00e9 en Allemagne<br \/>\nDimensions ext\u00e9rieures L x P x H : 547 x 350 x 108 mm<br \/>\nPoids : 4,1 kg \/ 7,1 kg avec l&rsquo;appareil<\/p>\n","protected":false},"excerpt":{"rendered":"<p>Bo\u00eetier \u00e9cologique pour console d&rsquo;\u00e9clairage Avolites T3 \/ T3 Wing. L&rsquo;appareil est command\u00e9 par le bas. Passe-c\u00e2bles lat\u00e9ral pour acc\u00e9der<\/p>\n","protected":false},"featured_media":283659,"template":"","meta":{"_acf_changed":false},"product_brand":[],"product_cat":[16329],"product_tag":[],"class_list":{"0":"post-283710","1":"product","2":"type-product","3":"status-publish","4":"has-post-thumbnail","6":"product_cat-cases-fuer-lichtequipment-fr","8":"first","9":"instock","10":"taxable","11":"shipping-taxable","12":"purchasable","13":"product-type-simple"},"acf":[],"_links":{"self":[{"href":"https:\/\/megacase.com\/fr\/wp-json\/wp\/v2\/product\/283710","targetHints":{"allow":["GET"]}}],"collection":[{"href":"https:\/\/megacase.com\/fr\/wp-json\/wp\/v2\/product"}],"about":[{"href":"https:\/\/megacase.com\/fr\/wp-json\/wp\/v2\/types\/product"}],"wp:featuredmedia":[{"embeddable":true,"href":"https:\/\/megacase.com\/fr\/wp-json\/wp\/v2\/media\/283659"}],"wp:attachment":[{"href":"https:\/\/megacase.com\/fr\/wp-json\/wp\/v2\/media?parent=283710"}],"wp:term":[{"taxonomy":"product_brand","embeddable":true,"href":"https:\/\/megacase.com\/fr\/wp-json\/wp\/v2\/product_brand?post=283710"},{"taxonomy":"product_cat","embeddable":true,"href":"https:\/\/megacase.com\/fr\/wp-json\/wp\/v2\/product_cat?post=283710"},{"taxonomy":"product_tag","embeddable":true,"href":"https:\/\/megacase.com\/fr\/wp-json\/wp\/v2\/product_tag?post=283710"}],"curies":[{"name":"wp","href":"https:\/\/api.w.org\/{rel}","templated":true}]}}