{"id":283642,"date":"2026-03-26T09:03:00","date_gmt":"2026-03-26T08:03:00","guid":{"rendered":"https:\/\/megacase.com\/?post_type=product&#038;p=283642"},"modified":"2026-03-26T13:52:38","modified_gmt":"2026-03-26T12:52:38","slug":"coffret-pour-tete-dampli-soldano-astro-20","status":"publish","type":"product","link":"https:\/\/megacase.com\/fr\/produit\/coffret-pour-tete-dampli-soldano-astro-20\/","title":{"rendered":"Coffret pour t\u00eate d&rsquo;ampli Soldano Astro-20"},"content":{"rendered":"<p>Bo\u00eetier pour t\u00eate d&rsquo;ampli Soldano Astro-20<\/p>\n<p>T\u00eate d&rsquo;ampli \u00e0 lampes<\/p>\n<p>Contreplaqu\u00e9 ph\u00e9nolique marron de 6,8 mm<br \/>\nBordure en aluminium 30\/30 mm<br \/>\n4 coins moyens en L<br \/>\n2 poign\u00e9es papillon \u00e0 ressort moyennes<br \/>\n2 poign\u00e9es pliantes moyennes<br \/>\n4 coins boule moyens<br \/>\n4 coins boule moyens<br \/>\nRembourrage en mousse<\/p>\n<p>Fabriqu\u00e9 en Allemagne<br \/>\nDimensions ext\u00e9rieures L x P x H : 555 x 310 x 300 mm<br \/>\nPoids : 6,9 kg<\/p>\n","protected":false},"excerpt":{"rendered":"<p>Bo\u00eetier pour t\u00eate d&rsquo;ampli Soldano Astro-20 T\u00eate d&rsquo;ampli \u00e0 lampes Contreplaqu\u00e9 ph\u00e9nolique marron de 6,8 mm Bordure en aluminium 30\/30<\/p>\n","protected":false},"featured_media":283607,"template":"","meta":{"_acf_changed":false},"product_brand":[],"product_cat":[16336,13589],"product_tag":[],"class_list":{"0":"post-283642","1":"product","2":"type-product","3":"status-publish","4":"has-post-thumbnail","6":"product_cat-uncategorized-fr","7":"product_cat-amp-cases-fr","9":"first","10":"instock","11":"taxable","12":"shipping-taxable","13":"purchasable","14":"product-type-simple"},"acf":[],"_links":{"self":[{"href":"https:\/\/megacase.com\/fr\/wp-json\/wp\/v2\/product\/283642","targetHints":{"allow":["GET"]}}],"collection":[{"href":"https:\/\/megacase.com\/fr\/wp-json\/wp\/v2\/product"}],"about":[{"href":"https:\/\/megacase.com\/fr\/wp-json\/wp\/v2\/types\/product"}],"wp:featuredmedia":[{"embeddable":true,"href":"https:\/\/megacase.com\/fr\/wp-json\/wp\/v2\/media\/283607"}],"wp:attachment":[{"href":"https:\/\/megacase.com\/fr\/wp-json\/wp\/v2\/media?parent=283642"}],"wp:term":[{"taxonomy":"product_brand","embeddable":true,"href":"https:\/\/megacase.com\/fr\/wp-json\/wp\/v2\/product_brand?post=283642"},{"taxonomy":"product_cat","embeddable":true,"href":"https:\/\/megacase.com\/fr\/wp-json\/wp\/v2\/product_cat?post=283642"},{"taxonomy":"product_tag","embeddable":true,"href":"https:\/\/megacase.com\/fr\/wp-json\/wp\/v2\/product_tag?post=283642"}],"curies":[{"name":"wp","href":"https:\/\/api.w.org\/{rel}","templated":true}]}}