{"id":283431,"date":"2025-09-18T08:09:53","date_gmt":"2025-09-18T06:09:53","guid":{"rendered":"https:\/\/megacase.com\/?post_type=product&#038;p=283431"},"modified":"2026-03-26T13:42:01","modified_gmt":"2026-03-26T12:42:01","slug":"etui-pour-lecteur-cd-alpha-theta-cdj-3000x","status":"publish","type":"product","link":"https:\/\/megacase.com\/fr\/produit\/etui-pour-lecteur-cd-alpha-theta-cdj-3000x\/","title":{"rendered":"\u00c9tui pour lecteur CD AlphaTheta CDJ-3000X"},"content":{"rendered":"<p>\u00c9tui noir pour lecteur CD AlphaTheta CDJ-3000X.<br \/>\nL&rsquo;appareil est prot\u00e9g\u00e9 par un rembourrage en mousse sur mesure et peut \u00eatre command\u00e9 depuis l&rsquo;int\u00e9rieur.<br \/>\nL&rsquo;\u00e9tui est \u00e9quip\u00e9 d&rsquo;un passe-c\u00e2ble de 10 cm.<\/p>\n<p>Panneau en poly\u00e9thyl\u00e8ne noir de 6,5 mm<br \/>\nProfil\u00e9 en aluminium de 25 x 25 mm<br \/>\n2 fermetures papillon de taille moyenne<br \/>\n1 poign\u00e9e<br \/>\n8 coins \u00e0 boule en acier de taille moyenne<br \/>\n4 pieds en caoutchouc<br \/>\nRembourrage en mousse<\/p>\n<p>**Remarque : les appareils pr\u00e9sent\u00e9s sont uniquement \u00e0 titre d&rsquo;illustration et ne font PAS partie de l&rsquo;offre<\/p>\n<p>Fabriqu\u00e9 en Allemagne<br \/>\nDimensions ext\u00e9rieures : L x P x H : environ 430 x 630 x 230 mm<br \/>\nPoids : environ 6,8 kg<\/p>\n","protected":false},"excerpt":{"rendered":"<p>\u00c9tui noir pour lecteur CD AlphaTheta CDJ-3000X. L&rsquo;appareil est prot\u00e9g\u00e9 par un rembourrage en mousse sur mesure et peut \u00eatre<\/p>\n","protected":false},"featured_media":285448,"template":"","meta":{"_acf_changed":false},"product_brand":[],"product_cat":[13730],"product_tag":[],"class_list":{"0":"post-283431","1":"product","2":"type-product","3":"status-publish","4":"has-post-thumbnail","6":"product_cat-dj-cases-fr","8":"first","9":"instock","10":"taxable","11":"shipping-taxable","12":"purchasable","13":"product-type-simple"},"acf":[],"_links":{"self":[{"href":"https:\/\/megacase.com\/fr\/wp-json\/wp\/v2\/product\/283431","targetHints":{"allow":["GET"]}}],"collection":[{"href":"https:\/\/megacase.com\/fr\/wp-json\/wp\/v2\/product"}],"about":[{"href":"https:\/\/megacase.com\/fr\/wp-json\/wp\/v2\/types\/product"}],"wp:featuredmedia":[{"embeddable":true,"href":"https:\/\/megacase.com\/fr\/wp-json\/wp\/v2\/media\/285448"}],"wp:attachment":[{"href":"https:\/\/megacase.com\/fr\/wp-json\/wp\/v2\/media?parent=283431"}],"wp:term":[{"taxonomy":"product_brand","embeddable":true,"href":"https:\/\/megacase.com\/fr\/wp-json\/wp\/v2\/product_brand?post=283431"},{"taxonomy":"product_cat","embeddable":true,"href":"https:\/\/megacase.com\/fr\/wp-json\/wp\/v2\/product_cat?post=283431"},{"taxonomy":"product_tag","embeddable":true,"href":"https:\/\/megacase.com\/fr\/wp-json\/wp\/v2\/product_tag?post=283431"}],"curies":[{"name":"wp","href":"https:\/\/api.w.org\/{rel}","templated":true}]}}