{"id":283323,"date":"2026-03-26T09:03:00","date_gmt":"2026-03-26T08:03:00","guid":{"rendered":"https:\/\/megacase.com\/?post_type=product&#038;p=283323"},"modified":"2026-03-26T13:52:37","modified_gmt":"2026-03-26T12:52:37","slug":"etui-pour-clavier-en-pvc-viscount-legend-one-73-modele-special","status":"publish","type":"product","link":"https:\/\/megacase.com\/fr\/produit\/etui-pour-clavier-en-pvc-viscount-legend-one-73-modele-special\/","title":{"rendered":"\u00c9tui pour clavier en PVC Viscount Legend ONE 73, mod\u00e8le sp\u00e9cial"},"content":{"rendered":"<p>\u00c9tui pour clavier en plastique alv\u00e9ol\u00e9 pour clavier d&rsquo;orgue Viscount Legend ONE 73, mod\u00e8le sp\u00e9cial 76<\/p>\n<p>Plastique alv\u00e9ol\u00e9 noir de 7 mm<br \/>\nBordure aluminium 30\/30 mm<br \/>\n4 coins moyens en L<br \/>\n2 charni\u00e8res papillon moyennes<br \/>\n3 grandes charni\u00e8res de verrouillage<br \/>\n2 poign\u00e9es pliantes moyennes<br \/>\n1 fermoir \u00e0 pression avec \u0153illet<br \/>\n1 poign\u00e9e en cuir<br \/>\n4 coins boule moyens<br \/>\n4 coins boule moyens<br \/>\nMousse<\/p>\n<p>Fabriqu\u00e9 en Allemagne<br \/>\nDimensions ext\u00e9rieures L x P x H : 1 155 x 430 x 177 mm<br \/>\nPoids : 8 kg<\/p>\n","protected":false},"excerpt":{"rendered":"<p>\u00c9tui pour clavier en plastique alv\u00e9ol\u00e9 pour clavier d&rsquo;orgue Viscount Legend ONE 73, mod\u00e8le sp\u00e9cial 76 Plastique alv\u00e9ol\u00e9 noir de<\/p>\n","protected":false},"featured_media":288732,"template":"","meta":{"_acf_changed":false},"product_brand":[],"product_cat":[13787],"product_tag":[],"class_list":{"0":"post-283323","1":"product","2":"type-product","3":"status-publish","4":"has-post-thumbnail","6":"product_cat-keyboard-cases-fr","8":"first","9":"instock","10":"taxable","11":"shipping-taxable","12":"purchasable","13":"product-type-simple"},"acf":[],"_links":{"self":[{"href":"https:\/\/megacase.com\/fr\/wp-json\/wp\/v2\/product\/283323","targetHints":{"allow":["GET"]}}],"collection":[{"href":"https:\/\/megacase.com\/fr\/wp-json\/wp\/v2\/product"}],"about":[{"href":"https:\/\/megacase.com\/fr\/wp-json\/wp\/v2\/types\/product"}],"wp:featuredmedia":[{"embeddable":true,"href":"https:\/\/megacase.com\/fr\/wp-json\/wp\/v2\/media\/288732"}],"wp:attachment":[{"href":"https:\/\/megacase.com\/fr\/wp-json\/wp\/v2\/media?parent=283323"}],"wp:term":[{"taxonomy":"product_brand","embeddable":true,"href":"https:\/\/megacase.com\/fr\/wp-json\/wp\/v2\/product_brand?post=283323"},{"taxonomy":"product_cat","embeddable":true,"href":"https:\/\/megacase.com\/fr\/wp-json\/wp\/v2\/product_cat?post=283323"},{"taxonomy":"product_tag","embeddable":true,"href":"https:\/\/megacase.com\/fr\/wp-json\/wp\/v2\/product_tag?post=283323"}],"curies":[{"name":"wp","href":"https:\/\/api.w.org\/{rel}","templated":true}]}}