{"id":283251,"date":"2026-03-26T09:03:00","date_gmt":"2026-03-26T08:03:00","guid":{"rendered":"https:\/\/megacase.com\/?post_type=product&#038;p=283251"},"modified":"2026-03-26T13:52:37","modified_gmt":"2026-03-26T12:52:37","slug":"etui-pour-clavier-viscount-legend-one-61-type-special","status":"publish","type":"product","link":"https:\/\/megacase.com\/fr\/produit\/etui-pour-clavier-viscount-legend-one-61-type-special\/","title":{"rendered":"\u00c9tui pour clavier Viscount Legend ONE 61, type sp\u00e9cial"},"content":{"rendered":"<p>\u00c9tui en plastique alv\u00e9ol\u00e9 pour clavier d&rsquo;orgue Viscount Legend One 61, type sp\u00e9cial 61<\/p>\n<p>Plastique alv\u00e9ol\u00e9 noir de 7 mm<br \/>\nBordure en aluminium 30\/30 mm<br \/>\n4 coins moyens en L<br \/>\n2 charni\u00e8res papillon moyennes<br \/>\n2 grandes charni\u00e8res verrouillables<br \/>\n1 poign\u00e9e en cuir<br \/>\n4 coins boule moyens<br \/>\n4 coins boule moyens, coins en L<br \/>\nMousse<\/p>\n<p>Fabriqu\u00e9 en Allemagne<br \/>\nDimensions ext\u00e9rieures L x P x H : 988 x 430 x 177 mm<br \/>\nPoids : 6,5 kg<\/p>\n","protected":false},"excerpt":{"rendered":"<p>\u00c9tui en plastique alv\u00e9ol\u00e9 pour clavier d&rsquo;orgue Viscount Legend One 61, type sp\u00e9cial 61 Plastique alv\u00e9ol\u00e9 noir de 7 mm<\/p>\n","protected":false},"featured_media":283212,"template":"","meta":{"_acf_changed":false},"product_brand":[],"product_cat":[13787],"product_tag":[],"class_list":{"0":"post-283251","1":"product","2":"type-product","3":"status-publish","4":"has-post-thumbnail","6":"product_cat-keyboard-cases-fr","8":"first","9":"instock","10":"taxable","11":"shipping-taxable","12":"purchasable","13":"product-type-simple"},"acf":[],"_links":{"self":[{"href":"https:\/\/megacase.com\/fr\/wp-json\/wp\/v2\/product\/283251","targetHints":{"allow":["GET"]}}],"collection":[{"href":"https:\/\/megacase.com\/fr\/wp-json\/wp\/v2\/product"}],"about":[{"href":"https:\/\/megacase.com\/fr\/wp-json\/wp\/v2\/types\/product"}],"wp:featuredmedia":[{"embeddable":true,"href":"https:\/\/megacase.com\/fr\/wp-json\/wp\/v2\/media\/283212"}],"wp:attachment":[{"href":"https:\/\/megacase.com\/fr\/wp-json\/wp\/v2\/media?parent=283251"}],"wp:term":[{"taxonomy":"product_brand","embeddable":true,"href":"https:\/\/megacase.com\/fr\/wp-json\/wp\/v2\/product_brand?post=283251"},{"taxonomy":"product_cat","embeddable":true,"href":"https:\/\/megacase.com\/fr\/wp-json\/wp\/v2\/product_cat?post=283251"},{"taxonomy":"product_tag","embeddable":true,"href":"https:\/\/megacase.com\/fr\/wp-json\/wp\/v2\/product_tag?post=283251"}],"curies":[{"name":"wp","href":"https:\/\/api.w.org\/{rel}","templated":true}]}}