{"id":282957,"date":"2026-03-26T09:03:00","date_gmt":"2026-03-26T08:03:00","guid":{"rendered":"https:\/\/megacase.com\/?post_type=product&#038;p=282957"},"modified":"2026-03-26T13:52:37","modified_gmt":"2026-03-26T12:52:37","slug":"boitier-de-commande-yamaha-dm7-compact-2-emplacements-rack-19","status":"publish","type":"product","link":"https:\/\/megacase.com\/fr\/produit\/boitier-de-commande-yamaha-dm7-compact-2-emplacements-rack-19\/","title":{"rendered":"Bo\u00eetier de commande Yamaha DM7 Compact + 2 emplacements rack 19&Prime;"},"content":{"rendered":"<p>Bo\u00eetier de commande inclin\u00e9 robuste pour Yamaha DM7 Compact, avec 2 emplacements rack 19&Prime; et 2 tiroirs.<br \/>\nLe Yamaha DM7 Compact est mont\u00e9 \u00e0 droite.<br \/>\n\u00c9tag\u00e8re avec 2 poteaux de montage pour \u00e9cran Gravity SA6131B (inclus).<br \/>\nL&rsquo;espace rack \u00e0 gauche est de 10U et \u00e0 droite de 9U, avec des rails \u00e0 l&rsquo;avant et \u00e0 l&rsquo;arri\u00e8re.<br \/>\nLes emplacements rack sont interconnectables.<br \/>\nUn compartiment pour accessoires est situ\u00e9 entre les emplacements rack et<br \/>\nune trappe de service avec grilles de ventilation se trouve derri\u00e8re chaque emplacement rack.<br \/>\nLa trappe de service de l&#8217;emplacement rack 9U est \u00e9quip\u00e9e d&rsquo;une brosse passe-c\u00e2bles et peut servir de sortie de c\u00e2bles.<br \/>\nDeux tiroirs de 151 mm de hauteur utile sont situ\u00e9s en dessous.<br \/>\nLe couvercle sup\u00e9rieur peut \u00eatre utilis\u00e9 s\u00e9par\u00e9ment comme table.<\/p>\n<p>Contreplaqu\u00e9 noir 9 mm RAL 9004<br \/>\nCh\u00e2ssis aluminium 35 x 35 mm<br \/>\n12 grands angles en L<br \/>\n8 poign\u00e9es papillon moyennes<br \/>\n12 grandes poign\u00e9es rabattables<br \/>\n4 poign\u00e9es lat\u00e9rales<br \/>\n2 pieds de table doublement rabattables<br \/>\n8 grands angles \u00e0 billes en acier d\u00e9cal\u00e9s<br \/>\n4 roulettes pivotantes de 100 mm, dont 2 avec frein<br \/>\nRembourrage en mousse<\/p>\n<p>Fabriqu\u00e9 en Allemagne<br \/>\nDimensions ext\u00e9rieures (L x P x H) : environ 1515 x 760 x 1225<br \/>\nPoids : environ 158 kg<\/p>\n","protected":false},"excerpt":{"rendered":"<p>Bo\u00eetier de commande inclin\u00e9 robuste pour Yamaha DM7 Compact, avec 2 emplacements rack 19&Prime; et 2 tiroirs. Le Yamaha DM7<\/p>\n","protected":false},"featured_media":282892,"template":"","meta":{"_acf_changed":false},"product_brand":[],"product_cat":[13828],"product_tag":[],"class_list":{"0":"post-282957","1":"product","2":"type-product","3":"status-publish","4":"has-post-thumbnail","6":"product_cat-mischpult-cases-fr","8":"first","9":"instock","10":"taxable","11":"shipping-taxable","12":"purchasable","13":"product-type-simple"},"acf":[],"_links":{"self":[{"href":"https:\/\/megacase.com\/fr\/wp-json\/wp\/v2\/product\/282957","targetHints":{"allow":["GET"]}}],"collection":[{"href":"https:\/\/megacase.com\/fr\/wp-json\/wp\/v2\/product"}],"about":[{"href":"https:\/\/megacase.com\/fr\/wp-json\/wp\/v2\/types\/product"}],"wp:featuredmedia":[{"embeddable":true,"href":"https:\/\/megacase.com\/fr\/wp-json\/wp\/v2\/media\/282892"}],"wp:attachment":[{"href":"https:\/\/megacase.com\/fr\/wp-json\/wp\/v2\/media?parent=282957"}],"wp:term":[{"taxonomy":"product_brand","embeddable":true,"href":"https:\/\/megacase.com\/fr\/wp-json\/wp\/v2\/product_brand?post=282957"},{"taxonomy":"product_cat","embeddable":true,"href":"https:\/\/megacase.com\/fr\/wp-json\/wp\/v2\/product_cat?post=282957"},{"taxonomy":"product_tag","embeddable":true,"href":"https:\/\/megacase.com\/fr\/wp-json\/wp\/v2\/product_tag?post=282957"}],"curies":[{"name":"wp","href":"https:\/\/api.w.org\/{rel}","templated":true}]}}