{"id":282875,"date":"2026-03-26T09:03:01","date_gmt":"2026-03-26T08:03:01","guid":{"rendered":"https:\/\/megacase.com\/?post_type=product&#038;p=282875"},"modified":"2026-03-26T13:52:37","modified_gmt":"2026-03-26T12:52:37","slug":"valise-multifonction-46-3-en-1","status":"publish","type":"product","link":"https:\/\/megacase.com\/fr\/produit\/valise-multifonction-46-3-en-1\/","title":{"rendered":"Valise multifonction 46&Prime; 3-en-1"},"content":{"rendered":"<p>La valise multifonction est universelle et convient \u00e0 trois \u00e9crans plats de tous fabricants jusqu&rsquo;\u00e0 46 pouces.<br \/>\nLes \u00e9crans sont maintenus en toute s\u00e9curit\u00e9 dans la valise gr\u00e2ce \u00e0 des fixations lat\u00e9rales r\u00e9glables.<br \/>\nLes \u0153illets situ\u00e9s sous la valise et la sangle fournie permettent une fixation suppl\u00e9mentaire.<\/p>\n<p>Contreplaqu\u00e9 ph\u00e9nolique marron de 9 mm<br \/>\nBordure en aluminium 30\/30<br \/>\n8 grands coins en L<br \/>\n4 charni\u00e8res papillon \u00e0 ressort de taille moyenne<br \/>\n10 poign\u00e9es pliantes de taille moyenne<br \/>\n8 grands coins sph\u00e9riques courb\u00e9s<br \/>\n4 roulettes pivotantes, dont 2 avec frein<br \/>\nMousse<\/p>\n<p>Fabriqu\u00e9 en Allemagne<br \/>\nDimensions ext\u00e9rieures (L x P x H) : environ 1 320 x 610 x 980 mm<br \/>\nPoids : environ 54 k<\/p>\n","protected":false},"excerpt":{"rendered":"<p>La valise multifonction est universelle et convient \u00e0 trois \u00e9crans plats de tous fabricants jusqu&rsquo;\u00e0 46 pouces. Les \u00e9crans sont<\/p>\n","protected":false},"featured_media":282820,"template":"","meta":{"_acf_changed":false},"product_brand":[],"product_cat":[13690,13692],"product_tag":[],"class_list":{"0":"post-282875","1":"product","2":"type-product","3":"status-publish","4":"has-post-thumbnail","6":"product_cat-display-monitor-fr","7":"product_cat-plasma-cases-fr","9":"first","10":"instock","11":"taxable","12":"shipping-taxable","13":"purchasable","14":"product-type-simple"},"acf":[],"_links":{"self":[{"href":"https:\/\/megacase.com\/fr\/wp-json\/wp\/v2\/product\/282875","targetHints":{"allow":["GET"]}}],"collection":[{"href":"https:\/\/megacase.com\/fr\/wp-json\/wp\/v2\/product"}],"about":[{"href":"https:\/\/megacase.com\/fr\/wp-json\/wp\/v2\/types\/product"}],"wp:featuredmedia":[{"embeddable":true,"href":"https:\/\/megacase.com\/fr\/wp-json\/wp\/v2\/media\/282820"}],"wp:attachment":[{"href":"https:\/\/megacase.com\/fr\/wp-json\/wp\/v2\/media?parent=282875"}],"wp:term":[{"taxonomy":"product_brand","embeddable":true,"href":"https:\/\/megacase.com\/fr\/wp-json\/wp\/v2\/product_brand?post=282875"},{"taxonomy":"product_cat","embeddable":true,"href":"https:\/\/megacase.com\/fr\/wp-json\/wp\/v2\/product_cat?post=282875"},{"taxonomy":"product_tag","embeddable":true,"href":"https:\/\/megacase.com\/fr\/wp-json\/wp\/v2\/product_tag?post=282875"}],"curies":[{"name":"wp","href":"https:\/\/api.w.org\/{rel}","templated":true}]}}