{"id":282801,"date":"2026-03-26T09:03:01","date_gmt":"2026-03-26T08:03:01","guid":{"rendered":"https:\/\/megacase.com\/?post_type=product&#038;p=282801"},"modified":"2026-03-26T13:52:36","modified_gmt":"2026-03-26T12:52:36","slug":"rack-dangle-atomos-sumo-19-rackspace-3u-19","status":"publish","type":"product","link":"https:\/\/megacase.com\/fr\/produit\/rack-dangle-atomos-sumo-19-rackspace-3u-19\/","title":{"rendered":"Rack d&rsquo;angle Atomos Sumo 19 + Rackspace 3U 19&Prime;"},"content":{"rendered":"<p>Rack d&rsquo;angle Eco noir pour un Atomos Sumo 19<br \/>\navec un rackspace 3U 19&Prime;.<\/p>\n<p>Contreplaqu\u00e9 6,8 mm noir RAL 9004<br \/>\nCordage aluminium 22\/22 mm<br \/>\n2 petits coins en L<br \/>\n6 coins en L moyens<br \/>\n2 poign\u00e9es rabattables moyennes<br \/>\n6 mini coins papillon<br \/>\n4 petits coins boule<br \/>\n4 petits coins boule avec coins en L<br \/>\n4 pieds en caoutchouc 38 x 20 mm<br \/>\n1 plaque ph\u00e9nolique marron 9 mm<br \/>\nRembourrage en mousse<\/p>\n<p>** Remarque : Les appareils pr\u00e9sent\u00e9s sont \u00e0 titre indicatif uniquement et ne font pas partie de l&rsquo;offre.<\/p>\n<p>Fabriqu\u00e9 en Allemagne<br \/>\nDimensions ext\u00e9rieures (L x P x H) : environ 596 x 285 x 443 mm<br \/>\nPoids : environ 12,5 kg<\/p>\n","protected":false},"excerpt":{"rendered":"<p>Rack d&rsquo;angle Eco noir pour un Atomos Sumo 19 avec un rackspace 3U 19&Prime;. Contreplaqu\u00e9 6,8 mm noir RAL 9004<\/p>\n","protected":false},"featured_media":282753,"template":"","meta":{"_acf_changed":false},"product_brand":[],"product_cat":[13690],"product_tag":[],"class_list":{"0":"post-282801","1":"product","2":"type-product","3":"status-publish","4":"has-post-thumbnail","6":"product_cat-display-monitor-fr","8":"first","9":"instock","10":"taxable","11":"shipping-taxable","12":"purchasable","13":"product-type-simple"},"acf":[],"_links":{"self":[{"href":"https:\/\/megacase.com\/fr\/wp-json\/wp\/v2\/product\/282801","targetHints":{"allow":["GET"]}}],"collection":[{"href":"https:\/\/megacase.com\/fr\/wp-json\/wp\/v2\/product"}],"about":[{"href":"https:\/\/megacase.com\/fr\/wp-json\/wp\/v2\/types\/product"}],"wp:featuredmedia":[{"embeddable":true,"href":"https:\/\/megacase.com\/fr\/wp-json\/wp\/v2\/media\/282753"}],"wp:attachment":[{"href":"https:\/\/megacase.com\/fr\/wp-json\/wp\/v2\/media?parent=282801"}],"wp:term":[{"taxonomy":"product_brand","embeddable":true,"href":"https:\/\/megacase.com\/fr\/wp-json\/wp\/v2\/product_brand?post=282801"},{"taxonomy":"product_cat","embeddable":true,"href":"https:\/\/megacase.com\/fr\/wp-json\/wp\/v2\/product_cat?post=282801"},{"taxonomy":"product_tag","embeddable":true,"href":"https:\/\/megacase.com\/fr\/wp-json\/wp\/v2\/product_tag?post=282801"}],"curies":[{"name":"wp","href":"https:\/\/api.w.org\/{rel}","templated":true}]}}