{"id":282669,"date":"2025-08-25T11:37:30","date_gmt":"2025-08-25T09:37:30","guid":{"rendered":"https:\/\/megacase.com\/?post_type=product&#038;p=282669"},"modified":"2026-03-26T13:42:02","modified_gmt":"2026-03-26T12:42:02","slug":"heavy-flip-case-pour-allen-heath-avantis-solo","status":"publish","type":"product","link":"https:\/\/megacase.com\/fr\/produit\/heavy-flip-case-pour-allen-heath-avantis-solo\/","title":{"rendered":"Heavy Flip Case pour Allen &amp; Heath Avantis Solo"},"content":{"rendered":"<p>Mallette robuste \u00e0 rabat pour Allen &amp; Heath Avantis Solo<br \/>\nsur roulettes, trappe de service et poign\u00e9es encastr\u00e9es pour une manipulation ais\u00e9e.<\/p>\n<p>Contreplaqu\u00e9 9 mm, laqu\u00e9<br \/>\n&#8211; Couleur au choix dans notre nuancier<br \/>\nChant aluminium 35\/35 mm<br \/>\n10 grands coins en L<br \/>\n4 grandes charni\u00e8res papillon<br \/>\n8 grandes poign\u00e9es rabattables<br \/>\n2 charni\u00e8res 6 trous<br \/>\n2 charni\u00e8res robustes en L<br \/>\n2 poign\u00e9es encastr\u00e9es<br \/>\n8 grands coins \u00e0 boule \u00e9tag\u00e9s<br \/>\n1 loquet de verrouillage + couvercle<br \/>\n1 porte-\u00e9tiquettes<br \/>\n4 roulettes pivotantes, dont 2 avec frein<br \/>\nRembourrage en mousse<\/p>\n<p>Fabriqu\u00e9 en Allemagne<br \/>\nDimensions ext\u00e9rieures L x P x H : 765 x 545 x 1085 mm<br \/>\nPoids : 60 kg<\/p>\n","protected":false},"excerpt":{"rendered":"<p>Mallette robuste \u00e0 rabat pour Allen &amp; Heath Avantis Solo sur roulettes, trappe de service et poign\u00e9es encastr\u00e9es pour une<\/p>\n","protected":false},"featured_media":282602,"template":"","meta":{"_acf_changed":false},"product_brand":[],"product_cat":[13828,16321],"product_tag":[],"class_list":{"0":"post-282669","1":"product","2":"type-product","3":"status-publish","4":"has-post-thumbnail","6":"product_cat-mischpult-cases-fr","7":"product_cat-case-fuer-pa-equipment-fr","9":"first","10":"instock","11":"taxable","12":"shipping-taxable","13":"purchasable","14":"product-type-simple"},"acf":[],"_links":{"self":[{"href":"https:\/\/megacase.com\/fr\/wp-json\/wp\/v2\/product\/282669","targetHints":{"allow":["GET"]}}],"collection":[{"href":"https:\/\/megacase.com\/fr\/wp-json\/wp\/v2\/product"}],"about":[{"href":"https:\/\/megacase.com\/fr\/wp-json\/wp\/v2\/types\/product"}],"wp:featuredmedia":[{"embeddable":true,"href":"https:\/\/megacase.com\/fr\/wp-json\/wp\/v2\/media\/282602"}],"wp:attachment":[{"href":"https:\/\/megacase.com\/fr\/wp-json\/wp\/v2\/media?parent=282669"}],"wp:term":[{"taxonomy":"product_brand","embeddable":true,"href":"https:\/\/megacase.com\/fr\/wp-json\/wp\/v2\/product_brand?post=282669"},{"taxonomy":"product_cat","embeddable":true,"href":"https:\/\/megacase.com\/fr\/wp-json\/wp\/v2\/product_cat?post=282669"},{"taxonomy":"product_tag","embeddable":true,"href":"https:\/\/megacase.com\/fr\/wp-json\/wp\/v2\/product_tag?post=282669"}],"curies":[{"name":"wp","href":"https:\/\/api.w.org\/{rel}","templated":true}]}}