{"id":282553,"date":"2026-03-26T09:03:02","date_gmt":"2026-03-26T08:03:02","guid":{"rendered":"https:\/\/megacase.com\/?post_type=product&#038;p=282553"},"modified":"2026-03-26T13:52:36","modified_gmt":"2026-03-26T12:52:36","slug":"meuble-simple-porte-pour-refrigerateur-marshall-4-4","status":"publish","type":"product","link":"https:\/\/megacase.com\/fr\/produit\/meuble-simple-porte-pour-refrigerateur-marshall-4-4\/","title":{"rendered":"Meuble simple porte pour r\u00e9frig\u00e9rateur Marshall 4.4"},"content":{"rendered":"<p>Meuble simple porte sur roulettes pivotantes avec a\u00e9rations et trappe de service, compatible avec le r\u00e9frig\u00e9rateur Marshall 4.4.<br \/>\nLe couvercle avant peut \u00eatre suspendu sur le c\u00f4t\u00e9 du meuble.<\/p>\n<p>Multiplex 6,8 mm noir RAL 9004<br \/>\nCh\u00e2ssis aluminium 30 x 30 mm<br \/>\n8 coins moyens en L<br \/>\n4 charni\u00e8res papillon moyennes<br \/>\n4 poign\u00e9es rabattables moyennes<br \/>\n2 supports de couvercle (droite)<br \/>\n3 a\u00e9rations<br \/>\n8 coins moyens \u00e0 boule d\u00e9cal\u00e9s<br \/>\n1 trappe de service frais\u00e9e<br \/>\n1 mini charni\u00e8re papillon<br \/>\n2 charni\u00e8res noires 30 x 28 mm<br \/>\n4 roulettes pivotantes, dont 2 avec frein<br \/>\nRembourrage en mousse<\/p>\n<p>** Remarque : Les unit\u00e9s pr\u00e9sent\u00e9es sont \u00e0 titre indicatif uniquement et ne font pas partie de l&rsquo;offre.<\/p>\n<p>Fabriqu\u00e9 en Allemagne<br \/>\nDimensions ext\u00e9rieures (L x P x H) : environ 595 x 670 x 1013 mm<br \/>\nPoids : environ 26,2 kg<\/p>\n","protected":false},"excerpt":{"rendered":"<p>Meuble simple porte sur roulettes pivotantes avec a\u00e9rations et trappe de service, compatible avec le r\u00e9frig\u00e9rateur Marshall 4.4. Le couvercle<\/p>\n","protected":false},"featured_media":282498,"template":"","meta":{"_acf_changed":false},"product_brand":[],"product_cat":[13745],"product_tag":[],"class_list":{"0":"post-282553","1":"product","2":"type-product","3":"status-publish","4":"has-post-thumbnail","6":"product_cat-catering-und-event-cases-fr","8":"first","9":"instock","10":"taxable","11":"shipping-taxable","12":"purchasable","13":"product-type-simple"},"acf":[],"_links":{"self":[{"href":"https:\/\/megacase.com\/fr\/wp-json\/wp\/v2\/product\/282553","targetHints":{"allow":["GET"]}}],"collection":[{"href":"https:\/\/megacase.com\/fr\/wp-json\/wp\/v2\/product"}],"about":[{"href":"https:\/\/megacase.com\/fr\/wp-json\/wp\/v2\/types\/product"}],"wp:featuredmedia":[{"embeddable":true,"href":"https:\/\/megacase.com\/fr\/wp-json\/wp\/v2\/media\/282498"}],"wp:attachment":[{"href":"https:\/\/megacase.com\/fr\/wp-json\/wp\/v2\/media?parent=282553"}],"wp:term":[{"taxonomy":"product_brand","embeddable":true,"href":"https:\/\/megacase.com\/fr\/wp-json\/wp\/v2\/product_brand?post=282553"},{"taxonomy":"product_cat","embeddable":true,"href":"https:\/\/megacase.com\/fr\/wp-json\/wp\/v2\/product_cat?post=282553"},{"taxonomy":"product_tag","embeddable":true,"href":"https:\/\/megacase.com\/fr\/wp-json\/wp\/v2\/product_tag?post=282553"}],"curies":[{"name":"wp","href":"https:\/\/api.w.org\/{rel}","templated":true}]}}