{"id":282230,"date":"2026-03-26T09:03:02","date_gmt":"2026-03-26T08:03:02","guid":{"rendered":"https:\/\/megacase.com\/?post_type=product&#038;p=282230"},"modified":"2026-03-26T13:52:35","modified_gmt":"2026-03-26T12:52:35","slug":"etui-clavier-special-61-pvc-korg-kronos-61-modele-2025","status":"publish","type":"product","link":"https:\/\/megacase.com\/fr\/produit\/etui-clavier-special-61-pvc-korg-kronos-61-modele-2025\/","title":{"rendered":"\u00c9tui clavier sp\u00e9cial 61 PVC Korg Kronos 61 mod\u00e8le 2025"},"content":{"rendered":"<p>\u00c9tui clavier en plastique nid d&rsquo;abeille noir<br \/>\nConvient au Korg Kronos 61 mod\u00e8le 2025.<br \/>\nVersion : Sp\u00e9cial 61.<\/p>\n<p>Plastique nid d&rsquo;abeille noir de 7 mm<br \/>\nBordure aluminium 30\/30 mm<br \/>\n4 coins moyens en L<br \/>\n2 charni\u00e8res papillon \u00e0 ressort moyennes<br \/>\n2 grandes charni\u00e8res verrouillables<br \/>\n1 poign\u00e9e en cuir<br \/>\n4 coins moyens en boule<br \/>\n4 coins moyens en boule<br \/>\nRembourrage en mousse<\/p>\n<p>Fabriqu\u00e9 en Allemagne<br \/>\nDimensions ext\u00e9rieures L x P x H : 1 130 x 460 x 200 mm<br \/>\nPoids : 7,4 kg<\/p>\n","protected":false},"excerpt":{"rendered":"<p>\u00c9tui clavier en plastique nid d&rsquo;abeille noir Convient au Korg Kronos 61 mod\u00e8le 2025. Version : Sp\u00e9cial 61. Plastique nid<\/p>\n","protected":false},"featured_media":282250,"template":"","meta":{"_acf_changed":false},"product_brand":[],"product_cat":[13787],"product_tag":[],"class_list":{"0":"post-282230","1":"product","2":"type-product","3":"status-publish","4":"has-post-thumbnail","6":"product_cat-keyboard-cases-fr","8":"first","9":"instock","10":"taxable","11":"shipping-taxable","12":"purchasable","13":"product-type-simple"},"acf":[],"_links":{"self":[{"href":"https:\/\/megacase.com\/fr\/wp-json\/wp\/v2\/product\/282230","targetHints":{"allow":["GET"]}}],"collection":[{"href":"https:\/\/megacase.com\/fr\/wp-json\/wp\/v2\/product"}],"about":[{"href":"https:\/\/megacase.com\/fr\/wp-json\/wp\/v2\/types\/product"}],"wp:featuredmedia":[{"embeddable":true,"href":"https:\/\/megacase.com\/fr\/wp-json\/wp\/v2\/media\/282250"}],"wp:attachment":[{"href":"https:\/\/megacase.com\/fr\/wp-json\/wp\/v2\/media?parent=282230"}],"wp:term":[{"taxonomy":"product_brand","embeddable":true,"href":"https:\/\/megacase.com\/fr\/wp-json\/wp\/v2\/product_brand?post=282230"},{"taxonomy":"product_cat","embeddable":true,"href":"https:\/\/megacase.com\/fr\/wp-json\/wp\/v2\/product_cat?post=282230"},{"taxonomy":"product_tag","embeddable":true,"href":"https:\/\/megacase.com\/fr\/wp-json\/wp\/v2\/product_tag?post=282230"}],"curies":[{"name":"wp","href":"https:\/\/api.w.org\/{rel}","templated":true}]}}