{"id":282142,"date":"2026-03-26T09:03:02","date_gmt":"2026-03-26T08:03:02","guid":{"rendered":"https:\/\/megacase.com\/?post_type=product&#038;p=282142"},"modified":"2026-03-26T13:52:35","modified_gmt":"2026-03-26T12:52:35","slug":"mallette-de-transport-allen-heath-sq-7-avec-boitier-daccueil","status":"publish","type":"product","link":"https:\/\/megacase.com\/fr\/produit\/mallette-de-transport-allen-heath-sq-7-avec-boitier-daccueil\/","title":{"rendered":"Mallette de transport Allen &amp; Heath SQ-7 avec bo\u00eetier d&rsquo;accueil"},"content":{"rendered":"<p>Mallette de transport avec roulettes pivotantes pour une table de mixage num\u00e9rique Allen &amp; Heath SQ-7 48 canaux.<br \/>\nLa SQ-7 est solidement fix\u00e9e dans les couches de mousse et dispose de logements pour les pieds.<br \/>\nLes connexions sont s\u00e9curis\u00e9es par un bo\u00eetier d&rsquo;accueil verrouillable situ\u00e9 \u00e0 l&rsquo;arri\u00e8re.<\/p>\n<p>Multiplex noir 6,8 mm, RAL 9004<br \/>\nBordure en aluminium 30 x 30 mm<br \/>\n4 coins moyens en L<br \/>\n4 poign\u00e9es papillon moyennes<br \/>\n6 poign\u00e9es rabattables moyennes<br \/>\n8 coins moyens \u00e0 billes en acier<br \/>\n4 roulettes pivotantes de 100 mm, freins inclus<br \/>\nBo\u00eetier d&rsquo;accueil verrouillable avec verrouillage \u00e0 levier<br \/>\n1 autocollant Shockwatch<br \/>\nRembourrage en mousse<\/p>\n<p>Fabriqu\u00e9 en Allemagne<br \/>\nDimensions ext\u00e9rieures : L x P x H 900 x 857 x 347 mm (vertical)<br \/>\nPoids : 29,5 kg<\/p>\n","protected":false},"excerpt":{"rendered":"<p>Mallette de transport avec roulettes pivotantes pour une table de mixage num\u00e9rique Allen &amp; Heath SQ-7 48 canaux. La SQ-7<\/p>\n","protected":false},"featured_media":282170,"template":"","meta":{"_acf_changed":false},"product_brand":[],"product_cat":[13828,16321],"product_tag":[],"class_list":{"0":"post-282142","1":"product","2":"type-product","3":"status-publish","4":"has-post-thumbnail","6":"product_cat-mischpult-cases-fr","7":"product_cat-case-fuer-pa-equipment-fr","9":"first","10":"instock","11":"taxable","12":"shipping-taxable","13":"purchasable","14":"product-type-simple"},"acf":[],"_links":{"self":[{"href":"https:\/\/megacase.com\/fr\/wp-json\/wp\/v2\/product\/282142","targetHints":{"allow":["GET"]}}],"collection":[{"href":"https:\/\/megacase.com\/fr\/wp-json\/wp\/v2\/product"}],"about":[{"href":"https:\/\/megacase.com\/fr\/wp-json\/wp\/v2\/types\/product"}],"wp:featuredmedia":[{"embeddable":true,"href":"https:\/\/megacase.com\/fr\/wp-json\/wp\/v2\/media\/282170"}],"wp:attachment":[{"href":"https:\/\/megacase.com\/fr\/wp-json\/wp\/v2\/media?parent=282142"}],"wp:term":[{"taxonomy":"product_brand","embeddable":true,"href":"https:\/\/megacase.com\/fr\/wp-json\/wp\/v2\/product_brand?post=282142"},{"taxonomy":"product_cat","embeddable":true,"href":"https:\/\/megacase.com\/fr\/wp-json\/wp\/v2\/product_cat?post=282142"},{"taxonomy":"product_tag","embeddable":true,"href":"https:\/\/megacase.com\/fr\/wp-json\/wp\/v2\/product_tag?post=282142"}],"curies":[{"name":"wp","href":"https:\/\/api.w.org\/{rel}","templated":true}]}}