{"id":282049,"date":"2026-03-26T09:03:03","date_gmt":"2026-03-26T08:03:03","guid":{"rendered":"https:\/\/megacase.com\/?post_type=product&#038;p=282049"},"modified":"2026-03-26T13:52:35","modified_gmt":"2026-03-26T12:52:35","slug":"coffre-avec-roulettes-dangle-et-ventilation-2120x460x520","status":"publish","type":"product","link":"https:\/\/megacase.com\/fr\/produit\/coffre-avec-roulettes-dangle-et-ventilation-2120x460x520\/","title":{"rendered":"Coffre avec roulettes d&rsquo;angle et ventilation 2120x460x520"},"content":{"rendered":"<p>Coffre avec roulettes d&rsquo;angle Skater de 75 mm \u00e0 galets souples<br \/>\net grilles d&rsquo;a\u00e9ration \u00e0 gauche et \u00e0 droite.<\/p>\n<p>Multiplex ph\u00e9nolique marron de 6,8 mm<br \/>\nCh\u00e2ssis en aluminium de 30 x 30 mm<br \/>\n8 coins moyens en L<br \/>\n3 fermetures \u00e0 pression avec \u0153illets<br \/>\n4 grandes charni\u00e8res verrouillables<br \/>\n2 poign\u00e9es pliantes moyennes<br \/>\n6 coins \u00e0 billes en acier moyens<br \/>\n2 grilles d&rsquo;a\u00e9ration<br \/>\n2 roulettes d&rsquo;angle de 75 mm<br \/>\n4 pieds en plastique<\/p>\n<p>Fabriqu\u00e9 en Allemagne<br \/>\nDimensions ext\u00e9rieures L x P x H : 2185 x 510 x 570 mm<br \/>\nPoids : 27,4 kg<\/p>\n","protected":false},"excerpt":{"rendered":"<p>Coffre avec roulettes d&rsquo;angle Skater de 75 mm \u00e0 galets souples et grilles d&rsquo;a\u00e9ration \u00e0 gauche et \u00e0 droite. Multiplex<\/p>\n","protected":false},"featured_media":282053,"template":"","meta":{"_acf_changed":false},"product_brand":[],"product_cat":[13693],"product_tag":[],"class_list":{"0":"post-282049","1":"product","2":"type-product","3":"status-publish","4":"has-post-thumbnail","6":"product_cat-truhen-cases-fr","8":"first","9":"instock","10":"taxable","11":"shipping-taxable","12":"purchasable","13":"product-type-simple"},"acf":[],"_links":{"self":[{"href":"https:\/\/megacase.com\/fr\/wp-json\/wp\/v2\/product\/282049","targetHints":{"allow":["GET"]}}],"collection":[{"href":"https:\/\/megacase.com\/fr\/wp-json\/wp\/v2\/product"}],"about":[{"href":"https:\/\/megacase.com\/fr\/wp-json\/wp\/v2\/types\/product"}],"wp:featuredmedia":[{"embeddable":true,"href":"https:\/\/megacase.com\/fr\/wp-json\/wp\/v2\/media\/282053"}],"wp:attachment":[{"href":"https:\/\/megacase.com\/fr\/wp-json\/wp\/v2\/media?parent=282049"}],"wp:term":[{"taxonomy":"product_brand","embeddable":true,"href":"https:\/\/megacase.com\/fr\/wp-json\/wp\/v2\/product_brand?post=282049"},{"taxonomy":"product_cat","embeddable":true,"href":"https:\/\/megacase.com\/fr\/wp-json\/wp\/v2\/product_cat?post=282049"},{"taxonomy":"product_tag","embeddable":true,"href":"https:\/\/megacase.com\/fr\/wp-json\/wp\/v2\/product_tag?post=282049"}],"curies":[{"name":"wp","href":"https:\/\/api.w.org\/{rel}","templated":true}]}}