{"id":281446,"date":"2025-07-29T11:58:51","date_gmt":"2025-07-29T09:58:51","guid":{"rendered":"https:\/\/megacase.com\/?post_type=product&#038;p=281446"},"modified":"2026-03-26T13:42:02","modified_gmt":"2026-03-26T12:42:02","slug":"armoire-penderie-avec-miroir-led-et-tiroirs","status":"publish","type":"product","link":"https:\/\/megacase.com\/fr\/produit\/armoire-penderie-avec-miroir-led-et-tiroirs\/","title":{"rendered":"Armoire-penderie avec miroir LED et tiroirs"},"content":{"rendered":"<p>La valise-armoire robuste et polyvalente #Wardrobe est id\u00e9ale pour une utilisation nomade.<br \/>\nQue ce soit pour une conf\u00e9rence ou un concert, ce meuble fonctionnel r\u00e9pond \u00e0 tous vos besoins.<br \/>\nCaract\u00e9ristiques : miroir de maquillage avec \u00e9clairage LED, interrupteur et prise de courant, prise Neutrik Powercon, quatre tiroirs \u00e0 fermeture amortie, deux compartiments sup\u00e9rieurs rabattables avec fermetures relevables, une tringle \u00e0 v\u00eatements avec un grand compartiment et un compartiment rabattable en bas, des bacs de ventilation, etc.<\/p>\n<p>&#8230; Contreplaqu\u00e9 laqu\u00e9 de 9 mm<br \/>\n&#8211; Couleur au choix parmi notre nuancier<br \/>\nCh\u00e2ssis en aluminium 35 x 35 mm<br \/>\n3 grands fermoirs papillon<br \/>\n10 grandes poign\u00e9es rabattables<br \/>\n8 bacs de ventilation<br \/>\n1 miroir de maquillage 562 x 552 mm<br \/>\n\u00c9clairage LED<br \/>\n1 connecteur Neutrik NAC3 Powercon<br \/>\n1 c\u00e2ble d&rsquo;alimentation Powercon de 150 cm<br \/>\n8 roulettes pivotantes de 100 mm, dont 4 avec frein<br \/>\n1 tringle \u00e0 v\u00eatements<br \/>\n8 coins \u00e0 billes en acier<\/p>\n<p>Fabriqu\u00e9 en Allemagne<br \/>\nDimensions ext\u00e9rieures (L x P x H) : 1205 x 625 x 1946 mm<br \/>\nPoids : env. 146 kg<\/p>\n","protected":false},"excerpt":{"rendered":"<p>La valise-armoire robuste et polyvalente #Wardrobe est id\u00e9ale pour une utilisation nomade. Que ce soit pour une conf\u00e9rence ou un<\/p>\n","protected":false},"featured_media":281399,"template":"","meta":{"_acf_changed":false},"product_brand":[],"product_cat":[13793],"product_tag":[],"class_list":{"0":"post-281446","1":"product","2":"type-product","3":"status-publish","4":"has-post-thumbnail","6":"product_cat-make-up-artist-case-fr","8":"first","9":"instock","10":"taxable","11":"shipping-taxable","12":"purchasable","13":"product-type-simple"},"acf":[],"_links":{"self":[{"href":"https:\/\/megacase.com\/fr\/wp-json\/wp\/v2\/product\/281446","targetHints":{"allow":["GET"]}}],"collection":[{"href":"https:\/\/megacase.com\/fr\/wp-json\/wp\/v2\/product"}],"about":[{"href":"https:\/\/megacase.com\/fr\/wp-json\/wp\/v2\/types\/product"}],"wp:featuredmedia":[{"embeddable":true,"href":"https:\/\/megacase.com\/fr\/wp-json\/wp\/v2\/media\/281399"}],"wp:attachment":[{"href":"https:\/\/megacase.com\/fr\/wp-json\/wp\/v2\/media?parent=281446"}],"wp:term":[{"taxonomy":"product_brand","embeddable":true,"href":"https:\/\/megacase.com\/fr\/wp-json\/wp\/v2\/product_brand?post=281446"},{"taxonomy":"product_cat","embeddable":true,"href":"https:\/\/megacase.com\/fr\/wp-json\/wp\/v2\/product_cat?post=281446"},{"taxonomy":"product_tag","embeddable":true,"href":"https:\/\/megacase.com\/fr\/wp-json\/wp\/v2\/product_tag?post=281446"}],"curies":[{"name":"wp","href":"https:\/\/api.w.org\/{rel}","templated":true}]}}