{"id":281442,"date":"2025-07-29T11:50:02","date_gmt":"2025-07-29T09:50:02","guid":{"rendered":"https:\/\/megacase.com\/?post_type=product&#038;p=281442"},"modified":"2026-03-26T13:42:03","modified_gmt":"2026-03-26T12:42:03","slug":"armoire-penderie-avec-miroir-led-et-tiroirs-2","status":"publish","type":"product","link":"https:\/\/megacase.com\/fr\/produit\/armoire-penderie-avec-miroir-led-et-tiroirs-2\/","title":{"rendered":"Armoire-penderie avec miroir LED et tiroirs"},"content":{"rendered":"<p>L&rsquo;armoire-bagages Heavy Wardrobe #Wardrobe est polyvalente et id\u00e9ale pour une utilisation nomade.<br \/>\nQue ce soit pour une conf\u00e9rence ou un concert, cette armoire fonctionnelle r\u00e9pond \u00e0 tous vos besoins.<br \/>\nElle est \u00e9quip\u00e9e d&rsquo;un miroir de maquillage avec \u00e9clairage LED, d&rsquo;un interrupteur et d&rsquo;une prise \u00e9lectrique, d&rsquo;une prise Powercon, de quatre tiroirs \u00e0 fermeture amortie, de deux compartiments sup\u00e9rieurs rabattables avec m\u00e9canisme d&rsquo;ouverture, d&rsquo;une penderie avec un grand compartiment et un compartiment inf\u00e9rieur rabattable, de panneaux de ventilation, et bien plus encore.<\/p>\n<p>\u2026 Contreplaqu\u00e9 multiplex noir 9 mm (RAL 9004)<br \/>\nCh\u00e2ssis en aluminium 35 x 35 mm<br \/>\n3 fermetures papillon<br \/>\n10 grandes poign\u00e9es rabattables<br \/>\n8 bacs de ventilation<br \/>\n1 miroir de maquillage (562 x 552 mm)<br \/>\n\u00c9clairage LED<br \/>\n1 prise Neutrik NAC3 Powercon<br \/>\n1 c\u00e2ble d&rsquo;alimentation Powercon de 150 cm<br \/>\n8 roulettes pivotantes de 100 mm (dont 4 avec freins)<br \/>\n1 tringle \u00e0 v\u00eatements<br \/>\n8 coins \u00e0 billes en acier<\/p>\n<p>Fabriqu\u00e9 en Allemagne<br \/>\nDimensions ext\u00e9rieures (L x P x H) : 1205 x 625 x 1946 mm<br \/>\nPoids : env. 146 kg<\/p>\n","protected":false},"excerpt":{"rendered":"<p>L&rsquo;armoire-bagages Heavy Wardrobe #Wardrobe est polyvalente et id\u00e9ale pour une utilisation nomade. Que ce soit pour une conf\u00e9rence ou un<\/p>\n","protected":false},"featured_media":281399,"template":"","meta":{"_acf_changed":false},"product_brand":[],"product_cat":[13793],"product_tag":[],"class_list":{"0":"post-281442","1":"product","2":"type-product","3":"status-publish","4":"has-post-thumbnail","6":"product_cat-make-up-artist-case-fr","8":"first","9":"instock","10":"taxable","11":"shipping-taxable","12":"purchasable","13":"product-type-simple"},"acf":[],"_links":{"self":[{"href":"https:\/\/megacase.com\/fr\/wp-json\/wp\/v2\/product\/281442","targetHints":{"allow":["GET"]}}],"collection":[{"href":"https:\/\/megacase.com\/fr\/wp-json\/wp\/v2\/product"}],"about":[{"href":"https:\/\/megacase.com\/fr\/wp-json\/wp\/v2\/types\/product"}],"wp:featuredmedia":[{"embeddable":true,"href":"https:\/\/megacase.com\/fr\/wp-json\/wp\/v2\/media\/281399"}],"wp:attachment":[{"href":"https:\/\/megacase.com\/fr\/wp-json\/wp\/v2\/media?parent=281442"}],"wp:term":[{"taxonomy":"product_brand","embeddable":true,"href":"https:\/\/megacase.com\/fr\/wp-json\/wp\/v2\/product_brand?post=281442"},{"taxonomy":"product_cat","embeddable":true,"href":"https:\/\/megacase.com\/fr\/wp-json\/wp\/v2\/product_cat?post=281442"},{"taxonomy":"product_tag","embeddable":true,"href":"https:\/\/megacase.com\/fr\/wp-json\/wp\/v2\/product_tag?post=281442"}],"curies":[{"name":"wp","href":"https:\/\/api.w.org\/{rel}","templated":true}]}}