{"id":281192,"date":"2026-03-26T09:06:46","date_gmt":"2026-03-26T08:06:46","guid":{"rendered":"https:\/\/megacase.com\/?post_type=product&#038;p=281192"},"modified":"2026-03-26T13:52:33","modified_gmt":"2026-03-26T12:52:33","slug":"coffret-dampli-kemper-profiler-head-mk2","status":"publish","type":"product","link":"https:\/\/megacase.com\/fr\/produit\/coffret-dampli-kemper-profiler-head-mk2\/","title":{"rendered":"Coffret d&rsquo;ampli Kemper Profiler Head MK2"},"content":{"rendered":"<p>Coffret d&rsquo;ampli con\u00e7u pour accueillir un Kemper Profiler Head MK2<br \/>\navec compartiment pour cordon d&rsquo;alimentation dans la partie inf\u00e9rieure.<\/p>\n<p>L&rsquo;appareil est utilisable dans la partie inf\u00e9rieure.<\/p>\n<p>Contreplaqu\u00e9 marron de 6,8 mm<br \/>\nBordure en aluminium 25\/25 mm<br \/>\n4 coins en L moyens<br \/>\n2 charni\u00e8res papillon moyennes<br \/>\n1 poign\u00e9e sangle<br \/>\n4 coins boule moyens<br \/>\n4 coins boule moyens<br \/>\n4 coins en L moyens<br \/>\n4 pieds en caoutchouc<br \/>\nMousse<\/p>\n<p>**Remarque : Les unit\u00e9s pr\u00e9sent\u00e9es sont \u00e0 titre indicatif uniquement et ne sont pas incluses dans cette offre.<\/p>\n<p>Fabriqu\u00e9 en Allemagne<br \/>\nDimensions L x P x H : 480 x 250 x 325 mm<br \/>\nPoids : 5 kg<\/p>\n","protected":false},"excerpt":{"rendered":"<p>Coffret d&rsquo;ampli con\u00e7u pour accueillir un Kemper Profiler Head MK2 avec compartiment pour cordon d&rsquo;alimentation dans la partie inf\u00e9rieure. L&rsquo;appareil<\/p>\n","protected":false},"featured_media":281129,"template":"","meta":{"_acf_changed":false},"product_brand":[],"product_cat":[13589],"product_tag":[],"class_list":{"0":"post-281192","1":"product","2":"type-product","3":"status-publish","4":"has-post-thumbnail","6":"product_cat-amp-cases-fr","8":"first","9":"instock","10":"taxable","11":"shipping-taxable","12":"purchasable","13":"product-type-simple"},"acf":[],"_links":{"self":[{"href":"https:\/\/megacase.com\/fr\/wp-json\/wp\/v2\/product\/281192","targetHints":{"allow":["GET"]}}],"collection":[{"href":"https:\/\/megacase.com\/fr\/wp-json\/wp\/v2\/product"}],"about":[{"href":"https:\/\/megacase.com\/fr\/wp-json\/wp\/v2\/types\/product"}],"wp:featuredmedia":[{"embeddable":true,"href":"https:\/\/megacase.com\/fr\/wp-json\/wp\/v2\/media\/281129"}],"wp:attachment":[{"href":"https:\/\/megacase.com\/fr\/wp-json\/wp\/v2\/media?parent=281192"}],"wp:term":[{"taxonomy":"product_brand","embeddable":true,"href":"https:\/\/megacase.com\/fr\/wp-json\/wp\/v2\/product_brand?post=281192"},{"taxonomy":"product_cat","embeddable":true,"href":"https:\/\/megacase.com\/fr\/wp-json\/wp\/v2\/product_cat?post=281192"},{"taxonomy":"product_tag","embeddable":true,"href":"https:\/\/megacase.com\/fr\/wp-json\/wp\/v2\/product_tag?post=281192"}],"curies":[{"name":"wp","href":"https:\/\/api.w.org\/{rel}","templated":true}]}}