{"id":281119,"date":"2026-03-26T09:06:46","date_gmt":"2026-03-26T08:06:46","guid":{"rendered":"https:\/\/megacase.com\/?post_type=product&#038;p=281119"},"modified":"2026-03-26T13:52:33","modified_gmt":"2026-03-26T12:52:33","slug":"coffret-double-porte-pour-ampli-kemper-profiler-head-mk2-telecommande","status":"publish","type":"product","link":"https:\/\/megacase.com\/fr\/produit\/coffret-double-porte-pour-ampli-kemper-profiler-head-mk2-telecommande\/","title":{"rendered":"Coffret double porte pour ampli Kemper Profiler Head MK2 + t\u00e9l\u00e9commande"},"content":{"rendered":"<p>Coffret double porte, parfaitement adapt\u00e9 \u00e0 un Kemper Profiler Head MK2<br \/>\net \u00e0 une Kemper Profiler Remote MK2.<\/p>\n<p>Contreplaqu\u00e9 ph\u00e9nolique marron de 6,8 mm<br \/>\nBordure en aluminium de 22 x 22 mm<br \/>\n8 coins moyens en L<br \/>\n4 mini-fermoirs papillon<br \/>\n2 poign\u00e9es pliantes moyennes<br \/>\n1 poign\u00e9e sangle<br \/>\n8 petits coins \u00e0 billes en acier<br \/>\n4 pieds en caoutchouc<br \/>\nRembourrage en mousse<\/p>\n<p>**Remarque : Les appareils pr\u00e9sent\u00e9s sont \u00e0 titre indicatif uniquement et ne sont pas inclus dans cette offre.<\/p>\n<p>Fabriqu\u00e9 en Allemagne<br \/>\nDimensions L x P x H : 505 x 318 x 389 mm<br \/>\nPoids : 8,8 kg<\/p>\n","protected":false},"excerpt":{"rendered":"<p>Coffret double porte, parfaitement adapt\u00e9 \u00e0 un Kemper Profiler Head MK2 et \u00e0 une Kemper Profiler Remote MK2. Contreplaqu\u00e9 ph\u00e9nolique<\/p>\n","protected":false},"featured_media":281040,"template":"","meta":{"_acf_changed":false},"product_brand":[],"product_cat":[13589],"product_tag":[],"class_list":{"0":"post-281119","1":"product","2":"type-product","3":"status-publish","4":"has-post-thumbnail","6":"product_cat-amp-cases-fr","8":"first","9":"instock","10":"taxable","11":"shipping-taxable","12":"purchasable","13":"product-type-simple"},"acf":[],"_links":{"self":[{"href":"https:\/\/megacase.com\/fr\/wp-json\/wp\/v2\/product\/281119","targetHints":{"allow":["GET"]}}],"collection":[{"href":"https:\/\/megacase.com\/fr\/wp-json\/wp\/v2\/product"}],"about":[{"href":"https:\/\/megacase.com\/fr\/wp-json\/wp\/v2\/types\/product"}],"wp:featuredmedia":[{"embeddable":true,"href":"https:\/\/megacase.com\/fr\/wp-json\/wp\/v2\/media\/281040"}],"wp:attachment":[{"href":"https:\/\/megacase.com\/fr\/wp-json\/wp\/v2\/media?parent=281119"}],"wp:term":[{"taxonomy":"product_brand","embeddable":true,"href":"https:\/\/megacase.com\/fr\/wp-json\/wp\/v2\/product_brand?post=281119"},{"taxonomy":"product_cat","embeddable":true,"href":"https:\/\/megacase.com\/fr\/wp-json\/wp\/v2\/product_cat?post=281119"},{"taxonomy":"product_tag","embeddable":true,"href":"https:\/\/megacase.com\/fr\/wp-json\/wp\/v2\/product_tag?post=281119"}],"curies":[{"name":"wp","href":"https:\/\/api.w.org\/{rel}","templated":true}]}}